{"id":955,"date":"2024-02-23T10:48:02","date_gmt":"2024-02-23T10:48:02","guid":{"rendered":"https:\/\/european-clinic.com\/karriere-vita-ali\/"},"modified":"2025-10-14T13:41:03","modified_gmt":"2025-10-14T13:41:03","slug":"cv-de-carriere-ali","status":"publish","type":"page","link":"https:\/\/european-clinic.com\/fr\/cv-de-carriere-ali\/","title":{"rendered":"Carri\u00e8re &amp; Vita"},"content":{"rendered":"\t\t<div data-elementor-type=\"wp-page\" data-elementor-id=\"955\" class=\"elementor elementor-955 elementor-621\" data-elementor-post-type=\"page\">\n\t\t\t\t<div class=\"elementor-element elementor-element-7b985268 e-flex e-con-boxed e-con e-child\" data-id=\"7b985268\" data-element_type=\"container\" data-e-type=\"container\" data-settings=\"{&quot;background_background&quot;:&quot;classic&quot;}\">\n\t\t\t\t\t<div class=\"e-con-inner\">\n\t\t<div class=\"elementor-element elementor-element-49e945e9 e-flex e-con-boxed e-con e-child\" data-id=\"49e945e9\" data-element_type=\"container\" data-e-type=\"container\">\n\t\t\t\t\t<div class=\"e-con-inner\">\n\t\t\t\t<div class=\"elementor-element elementor-element-3742b16d elementor-widget elementor-widget-heading\" data-id=\"3742b16d\" data-element_type=\"widget\" data-e-type=\"widget\" data-widget_type=\"heading.default\">\n\t\t\t\t<div class=\"elementor-widget-container\">\n\t\t\t\t\t<h1 class=\"elementor-heading-title elementor-size-default\">Carri\u00e8re &amp; Vita<\/h1>\t\t\t\t<\/div>\n\t\t\t\t<\/div>\n\t\t\t\t\t<\/div>\n\t\t\t\t<\/div>\n\t\t\t\t\t<\/div>\n\t\t\t\t<\/div>\n\t\t<div class=\"elementor-element elementor-element-5be35f2 e-flex e-con-boxed e-con e-parent\" data-id=\"5be35f2\" data-element_type=\"container\" data-e-type=\"container\" data-settings=\"{&quot;background_background&quot;:&quot;classic&quot;}\">\n\t\t\t\t\t<div class=\"e-con-inner\">\n\t\t<div class=\"elementor-element elementor-element-0033d5e e-con-full e-flex elementor-invisible e-con e-child\" data-id=\"0033d5e\" data-element_type=\"container\" data-e-type=\"container\" data-settings=\"{&quot;animation&quot;:&quot;fadeInLeft&quot;}\">\n\t\t\t\t<div class=\"elementor-element elementor-element-3cd45ec elementor-widget elementor-widget-image\" data-id=\"3cd45ec\" data-element_type=\"widget\" data-e-type=\"widget\" data-widget_type=\"image.default\">\n\t\t\t\t<div class=\"elementor-widget-container\">\n\t\t\t\t\t\t\t\t\t\t\t\t\t\t\t<img fetchpriority=\"high\" decoding=\"async\" width=\"995\" height=\"746\" src=\"https:\/\/european-clinic.com\/wp-content\/uploads\/2024\/03\/IMG_8578.webp\" class=\"attachment-full size-full wp-image-833\" alt=\"Dr. Ali Bakhshandeh\" srcset=\"https:\/\/european-clinic.com\/wp-content\/uploads\/2024\/03\/IMG_8578.webp 995w, https:\/\/european-clinic.com\/wp-content\/uploads\/2024\/03\/IMG_8578-300x225.webp 300w, https:\/\/european-clinic.com\/wp-content\/uploads\/2024\/03\/IMG_8578-768x576.webp 768w\" sizes=\"(max-width: 995px) 100vw, 995px\" \/>\t\t\t\t\t\t\t\t\t\t\t\t\t\t\t<\/div>\n\t\t\t\t<\/div>\n\t\t\t\t<\/div>\n\t\t<div class=\"elementor-element elementor-element-558794d e-con-full e-flex elementor-invisible e-con e-child\" data-id=\"558794d\" data-element_type=\"container\" data-e-type=\"container\" data-settings=\"{&quot;animation&quot;:&quot;fadeInRight&quot;,&quot;background_background&quot;:&quot;classic&quot;}\">\n\t\t\t\t<div class=\"elementor-element elementor-element-4d58f12f elementor-widget elementor-widget-heading\" data-id=\"4d58f12f\" data-element_type=\"widget\" data-e-type=\"widget\" data-widget_type=\"heading.default\">\n\t\t\t\t<div class=\"elementor-widget-container\">\n\t\t\t\t\t<h2 class=\"elementor-heading-title elementor-size-default\">Dr. Ali Bakhshandeh<\/h2>\t\t\t\t<\/div>\n\t\t\t\t<\/div>\n\t\t\t\t<div class=\"elementor-element elementor-element-b815690 elementor-widget elementor-widget-heading\" data-id=\"b815690\" data-element_type=\"widget\" data-e-type=\"widget\" data-widget_type=\"heading.default\">\n\t\t\t\t<div class=\"elementor-widget-container\">\n\t\t\t\t\t<h3 class=\"elementor-heading-title elementor-size-default\">Vita<\/h3>\t\t\t\t<\/div>\n\t\t\t\t<\/div>\n\t\t\t\t<div class=\"elementor-element elementor-element-0aa4bd4 elementor-widget elementor-widget-text-editor\" data-id=\"0aa4bd4\" data-element_type=\"widget\" data-e-type=\"widget\" data-widget_type=\"text-editor.default\">\n\t\t\t\t<div class=\"elementor-widget-container\">\n\t\t\t\t\t\t\t\t\t<ul>\n<li>N\u00e9 en Iran en 1971. \u00c9migr\u00e9 \u00e0 Vienne \u00e0 l&rsquo;\u00e2ge de 14 ans. Apr\u00e8s le baccalaur\u00e9at, \u00e9tudes de m\u00e9decine \u00e0 l&rsquo;universit\u00e9 de Vienne, dipl\u00f4me en 1989.<\/li>\n<li>Formation sp\u00e9cialis\u00e9e de m\u00e9decin g\u00e9n\u00e9raliste achev\u00e9e en 2003.<\/li>\n<li>D\u00e9m\u00e9nagement en Andalousie fin 2003 et r\u00e9sidence permanente \u00e0 Marbella. Activit\u00e9 professionnelle de courte dur\u00e9e \u00e0 l&rsquo;H\u00f4pital Costa del Sol, puis dans des cliniques priv\u00e9es de la Costa del Sol.<\/li>\n<li>De 2006 \u00e0 2016, activit\u00e9 m\u00e9dicale au sein de la principale organisation priv\u00e9e de sauvetage de la Costa del Sol, bas\u00e9e \u00e0 Puerto Banus. Direction m\u00e9dicale de cette organisation pour deux ans.<\/li>\n<li>2016-2018 Cabinet priv\u00e9 \u00e0 Marbella.<\/li>\n<li>2018 \u00e0 fin 2023 \u00e0 la German Clinic Marbella.<\/li>\n<li>Depuis janvier 2024, en tant que m\u00e9decin sp\u00e9cialiste en m\u00e9decine g\u00e9n\u00e9rale et familiale \u00e0 la European Clinic Marbella \/ Elviria.<\/li>\n<\/ul>\n\t\t\t\t\t\t\t\t<\/div>\n\t\t\t\t<\/div>\n\t\t\t\t<div class=\"elementor-element elementor-element-c11cbef elementor-widget elementor-widget-heading\" data-id=\"c11cbef\" data-element_type=\"widget\" data-e-type=\"widget\" data-widget_type=\"heading.default\">\n\t\t\t\t<div class=\"elementor-widget-container\">\n\t\t\t\t\t<h4 class=\"elementor-heading-title elementor-size-default\">Formation suppl\u00e9mentaire<\/h4>\t\t\t\t<\/div>\n\t\t\t\t<\/div>\n\t\t\t\t<div class=\"elementor-element elementor-element-8049e14 elementor-widget elementor-widget-text-editor\" data-id=\"8049e14\" data-element_type=\"widget\" data-e-type=\"widget\" data-widget_type=\"text-editor.default\">\n\t\t\t\t<div class=\"elementor-widget-container\">\n\t\t\t\t\t\t\t\t\t<ul>\n<li>Formation de m\u00e9decin d&rsquo;urgence avec remise \u00e0 niveau p\u00e9riodique.<\/li>\n<li>Formation en m\u00e9decine nutritionnelle.<\/li>\n<li>Licence pour l&rsquo;application du \u00ab\u00a0r\u00e9gime pronocal\u00a0\u00bb.<\/li>\n<\/ul>\n\t\t\t\t\t\t\t\t<\/div>\n\t\t\t\t<\/div>\n\t\t\t\t<\/div>\n\t\t\t\t\t<\/div>\n\t\t\t\t<\/div>\n\t\t<div class=\"elementor-element elementor-element-d6a9125 e-flex e-con-boxed e-con e-parent\" data-id=\"d6a9125\" data-element_type=\"container\" data-e-type=\"container\">\n\t\t\t\t\t<div class=\"e-con-inner\">\n\t\t<div class=\"elementor-element elementor-element-e322038 e-flex e-con-boxed elementor-invisible e-con e-child\" data-id=\"e322038\" data-element_type=\"container\" data-e-type=\"container\" data-settings=\"{&quot;background_background&quot;:&quot;classic&quot;,&quot;animation&quot;:&quot;fadeInDown&quot;}\">\n\t\t\t\t\t<div class=\"e-con-inner\">\n\t\t\t\t<div class=\"elementor-element elementor-element-f2ef8b8 elementor-widget elementor-widget-heading\" data-id=\"f2ef8b8\" data-element_type=\"widget\" data-e-type=\"widget\" data-widget_type=\"heading.default\">\n\t\t\t\t<div class=\"elementor-widget-container\">\n\t\t\t\t\t<h2 class=\"elementor-heading-title elementor-size-default\">Vous avez des questions ou vous souhaitez prendre rendez-vous?<\/h2>\t\t\t\t<\/div>\n\t\t\t\t<\/div>\n\t\t\t\t<div class=\"elementor-element elementor-element-2f7d407 elementor-widget elementor-widget-text-editor\" data-id=\"2f7d407\" data-element_type=\"widget\" data-e-type=\"widget\" data-widget_type=\"text-editor.default\">\n\t\t\t\t<div class=\"elementor-widget-container\">\n\t\t\t\t\t\t\t\t\t<p>N&rsquo;h\u00e9sitez pas \u00e0 nous appeler ou \u00e0 nous \u00e9crire !<\/p>\n\t\t\t\t\t\t\t\t<\/div>\n\t\t\t\t<\/div>\n\t\t\t\t<div class=\"elementor-element elementor-element-623dc17 elementor-align-center elementor-widget elementor-widget-button\" data-id=\"623dc17\" data-element_type=\"widget\" data-e-type=\"widget\" data-widget_type=\"button.default\">\n\t\t\t\t<div class=\"elementor-widget-container\">\n\t\t\t\t\t\t\t\t\t<div class=\"elementor-button-wrapper\">\n\t\t\t\t\t<a class=\"elementor-button elementor-button-link elementor-size-sm\" href=\"\/fr\/contact\">\n\t\t\t\t\t\t<span class=\"elementor-button-content-wrapper\">\n\t\t\t\t\t\t\t\t\t<span class=\"elementor-button-text\">Contact<\/span>\n\t\t\t\t\t<\/span>\n\t\t\t\t\t<\/a>\n\t\t\t\t<\/div>\n\t\t\t\t\t\t\t\t<\/div>\n\t\t\t\t<\/div>\n\t\t\t\t\t<\/div>\n\t\t\t\t<\/div>\n\t\t\t\t\t<\/div>\n\t\t\t\t<\/div>\n\t\t<div class=\"elementor-element elementor-element-69f2093 e-flex e-con-boxed e-con e-parent\" data-id=\"69f2093\" data-element_type=\"container\" data-e-type=\"container\">\n\t\t\t\t\t<div class=\"e-con-inner\">\n\t\t\t\t\t<\/div>\n\t\t\t\t<\/div>\n\t\t\t\t<\/div>\n\t\t","protected":false},"excerpt":{"rendered":"<p>Dr. Ali Bakhshandeh Vita N\u00e9 en Iran en 1971. \u00c9migr\u00e9 \u00e0 Vienne \u00e0 l&rsquo;\u00e2ge de 14 ans. Apr\u00e8s le baccalaur\u00e9at, \u00e9tudes de m\u00e9decine \u00e0 l&rsquo;universit\u00e9 de Vienne, dipl\u00f4me en 1989. Formation sp\u00e9cialis\u00e9e de m\u00e9decin g\u00e9n\u00e9raliste achev\u00e9e en 2003. D\u00e9m\u00e9nagement en Andalousie fin 2003 et r\u00e9sidence permanente \u00e0 Marbella. Activit\u00e9 professionnelle de courte dur\u00e9e \u00e0 l&rsquo;H\u00f4pital [&hellip;]<\/p>\n","protected":false},"author":3,"featured_media":0,"parent":0,"menu_order":0,"comment_status":"closed","ping_status":"closed","template":"elementor_header_footer","meta":{"footnotes":""},"class_list":["post-955","page","type-page","status-publish","hentry"],"_links":{"self":[{"href":"https:\/\/european-clinic.com\/fr\/wp-json\/wp\/v2\/pages\/955","targetHints":{"allow":["GET"]}}],"collection":[{"href":"https:\/\/european-clinic.com\/fr\/wp-json\/wp\/v2\/pages"}],"about":[{"href":"https:\/\/european-clinic.com\/fr\/wp-json\/wp\/v2\/types\/page"}],"author":[{"embeddable":true,"href":"https:\/\/european-clinic.com\/fr\/wp-json\/wp\/v2\/users\/3"}],"replies":[{"embeddable":true,"href":"https:\/\/european-clinic.com\/fr\/wp-json\/wp\/v2\/comments?post=955"}],"version-history":[{"count":8,"href":"https:\/\/european-clinic.com\/fr\/wp-json\/wp\/v2\/pages\/955\/revisions"}],"predecessor-version":[{"id":1793,"href":"https:\/\/european-clinic.com\/fr\/wp-json\/wp\/v2\/pages\/955\/revisions\/1793"}],"wp:attachment":[{"href":"https:\/\/european-clinic.com\/fr\/wp-json\/wp\/v2\/media?parent=955"}],"curies":[{"name":"wp","href":"https:\/\/api.w.org\/{rel}","templated":true}]}}