{"id":951,"date":"2024-02-23T10:37:53","date_gmt":"2024-02-23T10:37:53","guid":{"rendered":"https:\/\/european-clinic.com\/karriere-vita\/"},"modified":"2025-10-14T13:40:29","modified_gmt":"2025-10-14T13:40:29","slug":"cv-de-carriere-rolande","status":"publish","type":"page","link":"https:\/\/european-clinic.com\/fr\/cv-de-carriere-rolande\/","title":{"rendered":"Carri\u00e8re &amp; Vita"},"content":{"rendered":"\t\t<div data-elementor-type=\"wp-page\" data-elementor-id=\"951\" class=\"elementor elementor-951 elementor-613\" data-elementor-post-type=\"page\">\n\t\t\t\t<div class=\"elementor-element elementor-element-7b985268 e-flex e-con-boxed e-con e-child\" data-id=\"7b985268\" data-element_type=\"container\" data-e-type=\"container\" data-settings=\"{&quot;background_background&quot;:&quot;classic&quot;}\">\n\t\t\t\t\t<div class=\"e-con-inner\">\n\t\t<div class=\"elementor-element elementor-element-49e945e9 e-flex e-con-boxed e-con e-child\" data-id=\"49e945e9\" data-element_type=\"container\" data-e-type=\"container\">\n\t\t\t\t\t<div class=\"e-con-inner\">\n\t\t\t\t<div class=\"elementor-element elementor-element-3742b16d elementor-widget elementor-widget-heading\" data-id=\"3742b16d\" data-element_type=\"widget\" data-e-type=\"widget\" data-widget_type=\"heading.default\">\n\t\t\t\t<div class=\"elementor-widget-container\">\n\t\t\t\t\t<h1 class=\"elementor-heading-title elementor-size-default\">Carri\u00e8re &amp; Vita<\/h1>\t\t\t\t<\/div>\n\t\t\t\t<\/div>\n\t\t\t\t\t<\/div>\n\t\t\t\t<\/div>\n\t\t\t\t\t<\/div>\n\t\t\t\t<\/div>\n\t\t<div class=\"elementor-element elementor-element-5be35f2 e-flex e-con-boxed e-con e-parent\" data-id=\"5be35f2\" data-element_type=\"container\" data-e-type=\"container\" data-settings=\"{&quot;background_background&quot;:&quot;classic&quot;}\">\n\t\t\t\t\t<div class=\"e-con-inner\">\n\t\t<div class=\"elementor-element elementor-element-0033d5e e-con-full e-flex elementor-invisible e-con e-child\" data-id=\"0033d5e\" data-element_type=\"container\" data-e-type=\"container\" data-settings=\"{&quot;animation&quot;:&quot;fadeInLeft&quot;}\">\n\t\t\t\t<div class=\"elementor-element elementor-element-3cd45ec elementor-widget elementor-widget-image\" data-id=\"3cd45ec\" data-element_type=\"widget\" data-e-type=\"widget\" data-widget_type=\"image.default\">\n\t\t\t\t<div class=\"elementor-widget-container\">\n\t\t\t\t\t\t\t\t\t\t\t\t\t\t\t<img fetchpriority=\"high\" decoding=\"async\" width=\"944\" height=\"708\" src=\"https:\/\/european-clinic.com\/wp-content\/uploads\/2024\/03\/IMG_8778.webp\" class=\"attachment-full size-full wp-image-796\" alt=\"Dr. Rolande Frank-Fischer\" srcset=\"https:\/\/european-clinic.com\/wp-content\/uploads\/2024\/03\/IMG_8778.webp 944w, https:\/\/european-clinic.com\/wp-content\/uploads\/2024\/03\/IMG_8778-300x225.webp 300w, https:\/\/european-clinic.com\/wp-content\/uploads\/2024\/03\/IMG_8778-768x576.webp 768w\" sizes=\"(max-width: 944px) 100vw, 944px\" \/>\t\t\t\t\t\t\t\t\t\t\t\t\t\t\t<\/div>\n\t\t\t\t<\/div>\n\t\t\t\t<\/div>\n\t\t<div class=\"elementor-element elementor-element-558794d e-con-full e-flex elementor-invisible e-con e-child\" data-id=\"558794d\" data-element_type=\"container\" data-e-type=\"container\" data-settings=\"{&quot;animation&quot;:&quot;fadeInRight&quot;,&quot;background_background&quot;:&quot;classic&quot;}\">\n\t\t\t\t<div class=\"elementor-element elementor-element-4d58f12f elementor-widget elementor-widget-heading\" data-id=\"4d58f12f\" data-element_type=\"widget\" data-e-type=\"widget\" data-widget_type=\"heading.default\">\n\t\t\t\t<div class=\"elementor-widget-container\">\n\t\t\t\t\t<h2 class=\"elementor-heading-title elementor-size-default\">Dr. Rolande Frank-Fischer<\/h2>\t\t\t\t<\/div>\n\t\t\t\t<\/div>\n\t\t\t\t<div class=\"elementor-element elementor-element-b815690 elementor-widget elementor-widget-heading\" data-id=\"b815690\" data-element_type=\"widget\" data-e-type=\"widget\" data-widget_type=\"heading.default\">\n\t\t\t\t<div class=\"elementor-widget-container\">\n\t\t\t\t\t<h3 class=\"elementor-heading-title elementor-size-default\">Vita<\/h3>\t\t\t\t<\/div>\n\t\t\t\t<\/div>\n\t\t\t\t<div class=\"elementor-element elementor-element-0aa4bd4 elementor-widget elementor-widget-text-editor\" data-id=\"0aa4bd4\" data-element_type=\"widget\" data-e-type=\"widget\" data-widget_type=\"text-editor.default\">\n\t\t\t\t<div class=\"elementor-widget-container\">\n\t\t\t\t\t\t\t\t\t<ul>\n<li>1981-1987 : \u00e9tudes de m\u00e9decine \u00e0 l&rsquo;universit\u00e9 de Temeschburg \/ Roumanie<\/li>\n<li>1988-1992 : Formation de m\u00e9decin sp\u00e9cialiste en ORL, d&rsquo;abord \u00e0 Offenburg, puis \u00e0 la clinique ORL du St\u00e4dtisches Klinikum Karlsruhe, clinique de soins maximaux<\/li>\n<li>Ao\u00fbt 1992 : Sp\u00e9cialiste en ORL, chirurgie de la t\u00eate et du cou, chirurgie plastique de la r\u00e9gion de la t\u00eate et du cou, puis m\u00e9decin-chef de la clinique ORL du St\u00e4dtisches Klinikum Karlsruhe<\/li>\n<li>Novembre 1992 : M\u00e9decin-chef, ainsi qu&rsquo;adjointe du directeur de la clinique ORL du St\u00e4dtisches Klinikum Karlsruhe<\/li>\n<li>Juillet 1996 : m\u00e9decin ORL install\u00e9e dans son propre cabinet, ainsi qu&rsquo;activit\u00e9 op\u00e9ratoire et direction du service ORL de la clinique Paracelsus de Karlsruhe<\/li>\n<li>De d\u00e9cembre De 2008 \u00e0 2023 : Cabinet d&rsquo;ORL \u00e0 Marbella, op\u00e9rations dans des h\u00f4pitaux priv\u00e9s \u00e0 Marbella<\/li>\n<li>Depuis janvier 2024 : dans sa propre European Clinic <\/li>\n<\/ul>\n\t\t\t\t\t\t\t\t<\/div>\n\t\t\t\t<\/div>\n\t\t\t\t<div class=\"elementor-element elementor-element-c11cbef elementor-widget elementor-widget-heading\" data-id=\"c11cbef\" data-element_type=\"widget\" data-e-type=\"widget\" data-widget_type=\"heading.default\">\n\t\t\t\t<div class=\"elementor-widget-container\">\n\t\t\t\t\t<h4 class=\"elementor-heading-title elementor-size-default\">Membre de soci\u00e9t\u00e9s nationales et internationales<\/h4>\t\t\t\t<\/div>\n\t\t\t\t<\/div>\n\t\t\t\t<div class=\"elementor-element elementor-element-8049e14 elementor-widget elementor-widget-text-editor\" data-id=\"8049e14\" data-element_type=\"widget\" data-e-type=\"widget\" data-widget_type=\"text-editor.default\">\n\t\t\t\t<div class=\"elementor-widget-container\">\n\t\t\t\t\t\t\t\t\t<p>Gr\u00e2ce \u00e0 ses nombreuses ann\u00e9es d&rsquo;activit\u00e9 en tant que m\u00e9decin-chef et \u00e0 ses nombreuses conf\u00e9rences, pr\u00e9sentations et publications nationales et internationales, le Dr Frank-Fischer est membre des soci\u00e9t\u00e9s suivantes:<\/p>\n<ul>\n<li>Deutsche Gesellschaft f\u00fcr HNO-Heilkunde, Kopf-Hals-Chirurgie <\/li>\n<li>Deutsche Gesellschaft f\u00fcr Sch\u00e4delbasischirurgie<\/li>\n<li>Deutsche Gesellschaft f\u00fcr Audiologie <\/li>\n<li>Deutsche Gesellschaft f\u00fcr Ultraschall in der Medizin e.V. (DEGUM)<\/li>\n<li>\u00d6sterreichische Gesellschaft f\u00fcr HNO-Heilkunde, Kopf-Hals-Chirurgie <\/li>\n<li>Soci\u00e9t\u00e9 Fran\u00e7aise d&rsquo;Oto-Rhino-Laryngologie et de Pathologie Cervico-Faciale (SOCFI)<\/li>\n<li>European Federation of Oto-Rhino-Laryngological Society (EUFOS)<\/li>\n<li>European Academy of Facial Plastic Surgery (JOSEPH SOCIETY &amp; EAFPS)<\/li>\n<li>Asociac\u00edon Hispano-Alemana de ORL y CIRUG\u00cdA CERVICO-FACIAL (Gr\u00fcndungsmitglied)<\/li>\n<\/ul>\n\t\t\t\t\t\t\t\t<\/div>\n\t\t\t\t<\/div>\n\t\t\t\t<\/div>\n\t\t\t\t\t<\/div>\n\t\t\t\t<\/div>\n\t\t<div class=\"elementor-element elementor-element-d6a9125 e-flex e-con-boxed e-con e-parent\" data-id=\"d6a9125\" data-element_type=\"container\" data-e-type=\"container\">\n\t\t\t\t\t<div class=\"e-con-inner\">\n\t\t<div class=\"elementor-element elementor-element-e322038 e-flex e-con-boxed elementor-invisible e-con e-child\" data-id=\"e322038\" data-element_type=\"container\" data-e-type=\"container\" data-settings=\"{&quot;background_background&quot;:&quot;classic&quot;,&quot;animation&quot;:&quot;fadeInDown&quot;}\">\n\t\t\t\t\t<div class=\"e-con-inner\">\n\t\t\t\t<div class=\"elementor-element elementor-element-f2ef8b8 elementor-widget elementor-widget-heading\" data-id=\"f2ef8b8\" data-element_type=\"widget\" data-e-type=\"widget\" data-widget_type=\"heading.default\">\n\t\t\t\t<div class=\"elementor-widget-container\">\n\t\t\t\t\t<h2 class=\"elementor-heading-title elementor-size-default\">Vous avez des questions ou vous souhaitez prendre rendez-vous?<\/h2>\t\t\t\t<\/div>\n\t\t\t\t<\/div>\n\t\t\t\t<div class=\"elementor-element elementor-element-2f7d407 elementor-widget elementor-widget-text-editor\" data-id=\"2f7d407\" data-element_type=\"widget\" data-e-type=\"widget\" data-widget_type=\"text-editor.default\">\n\t\t\t\t<div class=\"elementor-widget-container\">\n\t\t\t\t\t\t\t\t\t<p>N&rsquo;h\u00e9sitez pas \u00e0 nous appeler ou \u00e0 nous \u00e9crire !<\/p>\n\t\t\t\t\t\t\t\t<\/div>\n\t\t\t\t<\/div>\n\t\t\t\t<div class=\"elementor-element elementor-element-623dc17 elementor-align-center elementor-widget elementor-widget-button\" data-id=\"623dc17\" data-element_type=\"widget\" data-e-type=\"widget\" data-widget_type=\"button.default\">\n\t\t\t\t<div class=\"elementor-widget-container\">\n\t\t\t\t\t\t\t\t\t<div class=\"elementor-button-wrapper\">\n\t\t\t\t\t<a class=\"elementor-button elementor-button-link elementor-size-sm\" href=\"https:\/\/european-clinic.com\/fr\/contact\/\">\n\t\t\t\t\t\t<span class=\"elementor-button-content-wrapper\">\n\t\t\t\t\t\t\t\t\t<span class=\"elementor-button-text\">Contact<\/span>\n\t\t\t\t\t<\/span>\n\t\t\t\t\t<\/a>\n\t\t\t\t<\/div>\n\t\t\t\t\t\t\t\t<\/div>\n\t\t\t\t<\/div>\n\t\t\t\t\t<\/div>\n\t\t\t\t<\/div>\n\t\t\t\t\t<\/div>\n\t\t\t\t<\/div>\n\t\t<div class=\"elementor-element elementor-element-69f2093 e-flex e-con-boxed e-con e-parent\" data-id=\"69f2093\" data-element_type=\"container\" data-e-type=\"container\">\n\t\t\t\t\t<div class=\"e-con-inner\">\n\t\t\t\t\t<\/div>\n\t\t\t\t<\/div>\n\t\t\t\t<\/div>\n\t\t","protected":false},"excerpt":{"rendered":"<p>Dr. Rolande Frank-Fischer Vita 1981-1987 : \u00e9tudes de m\u00e9decine \u00e0 l&rsquo;universit\u00e9 de Temeschburg \/ Roumanie 1988-1992 : Formation de m\u00e9decin sp\u00e9cialiste en ORL, d&rsquo;abord \u00e0 Offenburg, puis \u00e0 la clinique ORL du St\u00e4dtisches Klinikum Karlsruhe, clinique de soins maximaux Ao\u00fbt 1992 : Sp\u00e9cialiste en ORL, chirurgie de la t\u00eate et du cou, chirurgie plastique de [&hellip;]<\/p>\n","protected":false},"author":3,"featured_media":0,"parent":0,"menu_order":0,"comment_status":"closed","ping_status":"closed","template":"elementor_header_footer","meta":{"footnotes":""},"class_list":["post-951","page","type-page","status-publish","hentry"],"_links":{"self":[{"href":"https:\/\/european-clinic.com\/fr\/wp-json\/wp\/v2\/pages\/951","targetHints":{"allow":["GET"]}}],"collection":[{"href":"https:\/\/european-clinic.com\/fr\/wp-json\/wp\/v2\/pages"}],"about":[{"href":"https:\/\/european-clinic.com\/fr\/wp-json\/wp\/v2\/types\/page"}],"author":[{"embeddable":true,"href":"https:\/\/european-clinic.com\/fr\/wp-json\/wp\/v2\/users\/3"}],"replies":[{"embeddable":true,"href":"https:\/\/european-clinic.com\/fr\/wp-json\/wp\/v2\/comments?post=951"}],"version-history":[{"count":11,"href":"https:\/\/european-clinic.com\/fr\/wp-json\/wp\/v2\/pages\/951\/revisions"}],"predecessor-version":[{"id":1792,"href":"https:\/\/european-clinic.com\/fr\/wp-json\/wp\/v2\/pages\/951\/revisions\/1792"}],"wp:attachment":[{"href":"https:\/\/european-clinic.com\/fr\/wp-json\/wp\/v2\/media?parent=951"}],"curies":[{"name":"wp","href":"https:\/\/api.w.org\/{rel}","templated":true}]}}