{"id":931,"date":"2024-02-16T19:57:43","date_gmt":"2024-02-16T19:57:43","guid":{"rendered":"https:\/\/european-clinic.com\/diagnostik-therapie-hno\/"},"modified":"2025-10-14T13:43:15","modified_gmt":"2025-10-14T13:43:15","slug":"diagnostic-therapie-ent","status":"publish","type":"page","link":"https:\/\/european-clinic.com\/fr\/diagnostic-therapie-ent\/","title":{"rendered":"Diagnostic &amp; th\u00e9rapie, op\u00e9rations"},"content":{"rendered":"\t\t<div data-elementor-type=\"wp-page\" data-elementor-id=\"931\" class=\"elementor elementor-931 elementor-395\" data-elementor-post-type=\"page\">\n\t\t\t\t<div class=\"elementor-element elementor-element-7b985268 e-flex e-con-boxed e-con e-child\" data-id=\"7b985268\" data-element_type=\"container\" data-e-type=\"container\" data-settings=\"{&quot;background_background&quot;:&quot;classic&quot;}\">\n\t\t\t\t\t<div class=\"e-con-inner\">\n\t\t<div class=\"elementor-element elementor-element-49e945e9 e-flex e-con-boxed e-con e-child\" data-id=\"49e945e9\" data-element_type=\"container\" data-e-type=\"container\">\n\t\t\t\t\t<div class=\"e-con-inner\">\n\t\t\t\t<div class=\"elementor-element elementor-element-3742b16d elementor-widget elementor-widget-heading\" data-id=\"3742b16d\" data-element_type=\"widget\" data-e-type=\"widget\" data-widget_type=\"heading.default\">\n\t\t\t\t<div class=\"elementor-widget-container\">\n\t\t\t\t\t<h1 class=\"elementor-heading-title elementor-size-default\">Diagnostic &amp; th\u00e9rapie, op\u00e9rations<\/h1>\t\t\t\t<\/div>\n\t\t\t\t<\/div>\n\t\t\t\t<div class=\"elementor-element elementor-element-14fa502 elementor-widget elementor-widget-heading\" data-id=\"14fa502\" data-element_type=\"widget\" data-e-type=\"widget\" data-widget_type=\"heading.default\">\n\t\t\t\t<div class=\"elementor-widget-container\">\n\t\t\t\t\t<h4 class=\"elementor-heading-title elementor-size-default\">Toute la gamme de l'oto-rhino-laryngologie<\/h4>\t\t\t\t<\/div>\n\t\t\t\t<\/div>\n\t\t\t\t\t<\/div>\n\t\t\t\t<\/div>\n\t\t\t\t\t<\/div>\n\t\t\t\t<\/div>\n\t\t<div class=\"elementor-element elementor-element-5be35f2 e-flex e-con-boxed e-con e-parent\" data-id=\"5be35f2\" data-element_type=\"container\" data-e-type=\"container\" data-settings=\"{&quot;background_background&quot;:&quot;classic&quot;}\">\n\t\t\t\t\t<div class=\"e-con-inner\">\n\t\t<div class=\"elementor-element elementor-element-0033d5e e-con-full e-flex elementor-invisible e-con e-child\" data-id=\"0033d5e\" data-element_type=\"container\" data-e-type=\"container\" data-settings=\"{&quot;animation&quot;:&quot;fadeInLeft&quot;}\">\n\t\t\t\t<div class=\"elementor-element elementor-element-3cd45ec elementor-widget elementor-widget-image\" data-id=\"3cd45ec\" data-element_type=\"widget\" data-e-type=\"widget\" data-widget_type=\"image.default\">\n\t\t\t\t<div class=\"elementor-widget-container\">\n\t\t\t\t\t\t\t\t\t\t\t\t\t\t\t<img fetchpriority=\"high\" decoding=\"async\" width=\"864\" height=\"1151\" src=\"https:\/\/european-clinic.com\/wp-content\/uploads\/2024\/03\/IMG_8832_neu.webp\" class=\"attachment-full size-full wp-image-778\" alt=\"Fach\u00e4rztin f\u00fcr Hals-Nasen-Ohren, Kopf-Hals-Chirurgie, Allergologie\" srcset=\"https:\/\/european-clinic.com\/wp-content\/uploads\/2024\/03\/IMG_8832_neu.webp 864w, https:\/\/european-clinic.com\/wp-content\/uploads\/2024\/03\/IMG_8832_neu-225x300.webp 225w, https:\/\/european-clinic.com\/wp-content\/uploads\/2024\/03\/IMG_8832_neu-769x1024.webp 769w, https:\/\/european-clinic.com\/wp-content\/uploads\/2024\/03\/IMG_8832_neu-768x1023.webp 768w\" sizes=\"(max-width: 864px) 100vw, 864px\" \/>\t\t\t\t\t\t\t\t\t\t\t\t\t\t\t<\/div>\n\t\t\t\t<\/div>\n\t\t\t\t<div class=\"elementor-element elementor-element-450c468 elementor-widget elementor-widget-image\" data-id=\"450c468\" data-element_type=\"widget\" data-e-type=\"widget\" data-widget_type=\"image.default\">\n\t\t\t\t<div class=\"elementor-widget-container\">\n\t\t\t\t\t\t\t\t\t\t\t\t\t\t\t<img decoding=\"async\" width=\"852\" height=\"1136\" src=\"https:\/\/european-clinic.com\/wp-content\/uploads\/2024\/03\/IMG_8859_neu.webp\" class=\"attachment-full size-full wp-image-781\" alt=\"Fach\u00e4rztin f\u00fcr Hals-Nasen-Ohren, Kopf-Hals-Chirurgie, Allergologie\" srcset=\"https:\/\/european-clinic.com\/wp-content\/uploads\/2024\/03\/IMG_8859_neu.webp 852w, https:\/\/european-clinic.com\/wp-content\/uploads\/2024\/03\/IMG_8859_neu-225x300.webp 225w, https:\/\/european-clinic.com\/wp-content\/uploads\/2024\/03\/IMG_8859_neu-768x1024.webp 768w\" sizes=\"(max-width: 852px) 100vw, 852px\" \/>\t\t\t\t\t\t\t\t\t\t\t\t\t\t\t<\/div>\n\t\t\t\t<\/div>\n\t\t\t\t<\/div>\n\t\t<div class=\"elementor-element elementor-element-558794d e-con-full e-flex elementor-invisible e-con e-child\" data-id=\"558794d\" data-element_type=\"container\" data-e-type=\"container\" data-settings=\"{&quot;animation&quot;:&quot;fadeInRight&quot;,&quot;background_background&quot;:&quot;classic&quot;}\">\n\t\t\t\t<div class=\"elementor-element elementor-element-530294f9 elementor-widget elementor-widget-heading\" data-id=\"530294f9\" data-element_type=\"widget\" data-e-type=\"widget\" data-widget_type=\"heading.default\">\n\t\t\t\t<div class=\"elementor-widget-container\">\n\t\t\t\t\t<h6 class=\"elementor-heading-title elementor-size-default\">Nos services<\/h6>\t\t\t\t<\/div>\n\t\t\t\t<\/div>\n\t\t\t\t<div class=\"elementor-element elementor-element-4d58f12f elementor-widget elementor-widget-heading\" data-id=\"4d58f12f\" data-element_type=\"widget\" data-e-type=\"widget\" data-widget_type=\"heading.default\">\n\t\t\t\t<div class=\"elementor-widget-container\">\n\t\t\t\t\t<h2 class=\"elementor-heading-title elementor-size-default\">Complet et comp\u00e9tent<\/h2>\t\t\t\t<\/div>\n\t\t\t\t<\/div>\n\t\t\t\t<div class=\"elementor-element elementor-element-b815690 elementor-widget elementor-widget-heading\" data-id=\"b815690\" data-element_type=\"widget\" data-e-type=\"widget\" data-widget_type=\"heading.default\">\n\t\t\t\t<div class=\"elementor-widget-container\">\n\t\t\t\t\t<h3 class=\"elementor-heading-title elementor-size-default\">Diagnostic<\/h3>\t\t\t\t<\/div>\n\t\t\t\t<\/div>\n\t\t\t\t<div class=\"elementor-element elementor-element-0aa4bd4 elementor-widget elementor-widget-text-editor\" data-id=\"0aa4bd4\" data-element_type=\"widget\" data-e-type=\"widget\" data-widget_type=\"text-editor.default\">\n\t\t\t\t<div class=\"elementor-widget-container\">\n\t\t\t\t\t\t\t\t\t<p>Dans sa nouvelle clinique moderne et dot\u00e9e d&rsquo;un \u00e9quipement m\u00e9dical de pointe, toutes les maladies de la gorge, du nez et des oreilles, du larynx, des cordes vocales, des glandes salivaires ou encore la surdit\u00e9 et le ronflement sont diagnostiqu\u00e9es et trait\u00e9es. Tous les patients sont trait\u00e9s, des enfants en bas \u00e2ge aux personnes \u00e2g\u00e9es.<\/p>\n<ul>\n<li>Check-up ORL : larynx &amp; cordes vocales, sinus, oreilles, glandes salivaires<\/li>\n<li>Pr\u00e9vention du cancer du larynx<\/li>\n<li>Examens endoscopiques du nez, du pharynx, de la gorge, du larynx<\/li>\n<li>Traitements postop\u00e9ratoires endoscopiques apr\u00e8s une op\u00e9ration des sinus<\/li>\n<li>Examens microscopiques de l&rsquo;oreille<\/li>\n<li>Sonographie (examen par ultrasons) des sinus, du cou (ganglions lymphatiques) et des glandes salivaires<\/li>\n<li>Acouph\u00e8nes : diagnostic et th\u00e9rapie<\/li>\n<li>\u00c9valuation de la perte auditive, de la surdit\u00e9 brusque et des vertiges ainsi que leurs tests diagnostiques<\/li>\n<li>Audiom\u00e9trie (tests auditifs)<\/li>\n<li>Tympanom\u00e9trie (mesure de la pression de l&rsquo;oreille moyenne et de la trompe)<\/li>\n<li>Ordonnance sur les appareils auditifs<\/li>\n<li>Prick test<\/li>\n<li>D\u00e9sensibilisation<\/li>\n<\/ul>\n\t\t\t\t\t\t\t\t<\/div>\n\t\t\t\t<\/div>\n\t\t\t\t<div class=\"elementor-element elementor-element-c11cbef elementor-widget elementor-widget-heading\" data-id=\"c11cbef\" data-element_type=\"widget\" data-e-type=\"widget\" data-widget_type=\"heading.default\">\n\t\t\t\t<div class=\"elementor-widget-container\">\n\t\t\t\t\t<h3 class=\"elementor-heading-title elementor-size-default\">Les op\u00e9rations<\/h3>\t\t\t\t<\/div>\n\t\t\t\t<\/div>\n\t\t\t\t<div class=\"elementor-element elementor-element-8049e14 elementor-widget elementor-widget-text-editor\" data-id=\"8049e14\" data-element_type=\"widget\" data-e-type=\"widget\" data-widget_type=\"text-editor.default\">\n\t\t\t\t<div class=\"elementor-widget-container\">\n\t\t\t\t\t\t\t\t\t<p>Le Dr. Frank-Fischer op\u00e8re g\u00e9n\u00e9ralement \u00e0 l&rsquo;h\u00f4pital Ochoa de Marbella. Outre les proc\u00e9dures chirurgicales ORL mini-invasives, des interventions innovantes sont r\u00e9alis\u00e9es au laser, ce qui permet d&rsquo;\u00e9viter dans la plupart des cas une hospitalisation &#8211; par exemple pour les op\u00e9rations des amygdales, des polypes et des tubes tympaniques chez les enfants.<\/p>\n<ul>\n<li>Ad\u00e9notomie<\/li>\n<li>Paracent\u00e8se \/ drainage tympanique<\/li>\n<li>Amygdalectomie (op\u00e9ration des amygdales) au laser<\/li>\n<li>Op\u00e9rations des glandes salivaires<\/li>\n<li>Op\u00e9rations des sinus (endoscopiques, mini-invasives)<\/li>\n<li>Op\u00e9rations du septum nasal<\/li>\n<li>Op\u00e9rations au laser de tumeurs des cordes vocales et du larynx<\/li>\n<li>Tympanoplastie (op\u00e9ration du tympan)<\/li>\n<li>Microchirurgie de l&rsquo;oreille<\/li>\n<li>Op\u00e9rations du ronflement au laser<\/li>\n<\/ul>\n\t\t\t\t\t\t\t\t<\/div>\n\t\t\t\t<\/div>\n\t\t\t\t<\/div>\n\t\t\t\t\t<\/div>\n\t\t\t\t<\/div>\n\t\t<div class=\"elementor-element elementor-element-d6a9125 e-flex e-con-boxed e-con e-parent\" data-id=\"d6a9125\" data-element_type=\"container\" data-e-type=\"container\">\n\t\t\t\t\t<div class=\"e-con-inner\">\n\t\t<div class=\"elementor-element elementor-element-e322038 e-flex e-con-boxed elementor-invisible e-con e-child\" data-id=\"e322038\" data-element_type=\"container\" data-e-type=\"container\" data-settings=\"{&quot;background_background&quot;:&quot;classic&quot;,&quot;animation&quot;:&quot;fadeInDown&quot;}\">\n\t\t\t\t\t<div class=\"e-con-inner\">\n\t\t\t\t<div class=\"elementor-element elementor-element-f2ef8b8 elementor-widget elementor-widget-heading\" data-id=\"f2ef8b8\" data-element_type=\"widget\" data-e-type=\"widget\" data-widget_type=\"heading.default\">\n\t\t\t\t<div class=\"elementor-widget-container\">\n\t\t\t\t\t<h2 class=\"elementor-heading-title elementor-size-default\">Vous avez des questions ou vous souhaitez prendre rendez-vous?<\/h2>\t\t\t\t<\/div>\n\t\t\t\t<\/div>\n\t\t\t\t<div class=\"elementor-element elementor-element-2f7d407 elementor-widget elementor-widget-text-editor\" data-id=\"2f7d407\" data-element_type=\"widget\" data-e-type=\"widget\" data-widget_type=\"text-editor.default\">\n\t\t\t\t<div class=\"elementor-widget-container\">\n\t\t\t\t\t\t\t\t\t<p>N&rsquo;h\u00e9sitez pas \u00e0 nous appeler ou \u00e0 nous \u00e9crire !<\/p>\n\t\t\t\t\t\t\t\t<\/div>\n\t\t\t\t<\/div>\n\t\t\t\t<div class=\"elementor-element elementor-element-623dc17 elementor-align-center elementor-widget elementor-widget-button\" data-id=\"623dc17\" data-element_type=\"widget\" data-e-type=\"widget\" data-widget_type=\"button.default\">\n\t\t\t\t<div class=\"elementor-widget-container\">\n\t\t\t\t\t\t\t\t\t<div class=\"elementor-button-wrapper\">\n\t\t\t\t\t<a class=\"elementor-button elementor-button-link elementor-size-sm\" href=\"https:\/\/european-clinic.com\/fr\/contact\/\">\n\t\t\t\t\t\t<span class=\"elementor-button-content-wrapper\">\n\t\t\t\t\t\t\t\t\t<span class=\"elementor-button-text\">Contact<\/span>\n\t\t\t\t\t<\/span>\n\t\t\t\t\t<\/a>\n\t\t\t\t<\/div>\n\t\t\t\t\t\t\t\t<\/div>\n\t\t\t\t<\/div>\n\t\t\t\t\t<\/div>\n\t\t\t\t<\/div>\n\t\t\t\t\t<\/div>\n\t\t\t\t<\/div>\n\t\t<div class=\"elementor-element elementor-element-69f2093 e-flex e-con-boxed e-con e-parent\" data-id=\"69f2093\" data-element_type=\"container\" data-e-type=\"container\">\n\t\t\t\t\t<div class=\"e-con-inner\">\n\t\t\t\t\t<\/div>\n\t\t\t\t<\/div>\n\t\t\t\t<\/div>\n\t\t","protected":false},"excerpt":{"rendered":"<p>Toute la gamme de l&rsquo;oto-rhino-laryngologie Nos services Complet et comp\u00e9tent Diagnostic Dans sa nouvelle clinique moderne et dot\u00e9e d&rsquo;un \u00e9quipement m\u00e9dical de pointe, toutes les maladies de la gorge, du nez et des oreilles, du larynx, des cordes vocales, des glandes salivaires ou encore la surdit\u00e9 et le ronflement sont diagnostiqu\u00e9es et trait\u00e9es. Tous les [&hellip;]<\/p>\n","protected":false},"author":3,"featured_media":0,"parent":0,"menu_order":0,"comment_status":"closed","ping_status":"closed","template":"elementor_header_footer","meta":{"footnotes":""},"class_list":["post-931","page","type-page","status-publish","hentry"],"_links":{"self":[{"href":"https:\/\/european-clinic.com\/fr\/wp-json\/wp\/v2\/pages\/931","targetHints":{"allow":["GET"]}}],"collection":[{"href":"https:\/\/european-clinic.com\/fr\/wp-json\/wp\/v2\/pages"}],"about":[{"href":"https:\/\/european-clinic.com\/fr\/wp-json\/wp\/v2\/types\/page"}],"author":[{"embeddable":true,"href":"https:\/\/european-clinic.com\/fr\/wp-json\/wp\/v2\/users\/3"}],"replies":[{"embeddable":true,"href":"https:\/\/european-clinic.com\/fr\/wp-json\/wp\/v2\/comments?post=931"}],"version-history":[{"count":7,"href":"https:\/\/european-clinic.com\/fr\/wp-json\/wp\/v2\/pages\/931\/revisions"}],"predecessor-version":[{"id":1796,"href":"https:\/\/european-clinic.com\/fr\/wp-json\/wp\/v2\/pages\/931\/revisions\/1796"}],"wp:attachment":[{"href":"https:\/\/european-clinic.com\/fr\/wp-json\/wp\/v2\/media?parent=931"}],"curies":[{"name":"wp","href":"https:\/\/api.w.org\/{rel}","templated":true}]}}