{"id":927,"date":"2024-02-16T19:58:39","date_gmt":"2024-02-16T19:58:39","guid":{"rendered":"https:\/\/european-clinic.com\/diagnostik-therapie-allgemeinmedizin\/"},"modified":"2025-10-14T13:42:43","modified_gmt":"2025-10-14T13:42:43","slug":"diagnostic-therapie-medecine-generale","status":"publish","type":"page","link":"https:\/\/european-clinic.com\/fr\/diagnostic-therapie-medecine-generale\/","title":{"rendered":"Diagnostic &amp; Th\u00e9rapie"},"content":{"rendered":"\t\t<div data-elementor-type=\"wp-page\" data-elementor-id=\"927\" class=\"elementor elementor-927 elementor-403\" data-elementor-post-type=\"page\">\n\t\t\t\t<div class=\"elementor-element elementor-element-7b985268 e-flex e-con-boxed e-con e-child\" data-id=\"7b985268\" data-element_type=\"container\" data-e-type=\"container\" data-settings=\"{&quot;background_background&quot;:&quot;classic&quot;}\">\n\t\t\t\t\t<div class=\"e-con-inner\">\n\t\t<div class=\"elementor-element elementor-element-49e945e9 e-flex e-con-boxed e-con e-child\" data-id=\"49e945e9\" data-element_type=\"container\" data-e-type=\"container\">\n\t\t\t\t\t<div class=\"e-con-inner\">\n\t\t\t\t<div class=\"elementor-element elementor-element-3742b16d elementor-widget elementor-widget-heading\" data-id=\"3742b16d\" data-element_type=\"widget\" data-e-type=\"widget\" data-widget_type=\"heading.default\">\n\t\t\t\t<div class=\"elementor-widget-container\">\n\t\t\t\t\t<h1 class=\"elementor-heading-title elementor-size-default\">Diagnostic &amp; Th\u00e9rapie<\/h1>\t\t\t\t<\/div>\n\t\t\t\t<\/div>\n\t\t\t\t<div class=\"elementor-element elementor-element-14fa502 elementor-widget elementor-widget-heading\" data-id=\"14fa502\" data-element_type=\"widget\" data-e-type=\"widget\" data-widget_type=\"heading.default\">\n\t\t\t\t<div class=\"elementor-widget-container\">\n\t\t\t\t\t<h4 class=\"elementor-heading-title elementor-size-default\">Toute la gamme de la m\u00e9decine g\u00e9n\u00e9rale<\/h4>\t\t\t\t<\/div>\n\t\t\t\t<\/div>\n\t\t\t\t\t<\/div>\n\t\t\t\t<\/div>\n\t\t\t\t\t<\/div>\n\t\t\t\t<\/div>\n\t\t<div class=\"elementor-element elementor-element-5be35f2 e-flex e-con-boxed e-con e-parent\" data-id=\"5be35f2\" data-element_type=\"container\" data-e-type=\"container\" data-settings=\"{&quot;background_background&quot;:&quot;classic&quot;}\">\n\t\t\t\t\t<div class=\"e-con-inner\">\n\t\t<div class=\"elementor-element elementor-element-0033d5e e-con-full e-flex elementor-invisible e-con e-child\" data-id=\"0033d5e\" data-element_type=\"container\" data-e-type=\"container\" data-settings=\"{&quot;animation&quot;:&quot;fadeInLeft&quot;}\">\n\t\t\t\t<div class=\"elementor-element elementor-element-3cd45ec elementor-widget elementor-widget-image\" data-id=\"3cd45ec\" data-element_type=\"widget\" data-e-type=\"widget\" data-widget_type=\"image.default\">\n\t\t\t\t<div class=\"elementor-widget-container\">\n\t\t\t\t\t\t\t\t\t\t\t\t\t\t\t<img fetchpriority=\"high\" decoding=\"async\" width=\"760\" height=\"1013\" src=\"https:\/\/european-clinic.com\/wp-content\/uploads\/2024\/03\/IMG_8886_neu.webp\" class=\"attachment-full size-full wp-image-808\" alt=\"Facharzt f\u00fcr Allgemein- und Familien-Medizin, Hausarzt\" srcset=\"https:\/\/european-clinic.com\/wp-content\/uploads\/2024\/03\/IMG_8886_neu.webp 760w, https:\/\/european-clinic.com\/wp-content\/uploads\/2024\/03\/IMG_8886_neu-225x300.webp 225w\" sizes=\"(max-width: 760px) 100vw, 760px\" \/>\t\t\t\t\t\t\t\t\t\t\t\t\t\t\t<\/div>\n\t\t\t\t<\/div>\n\t\t\t\t<\/div>\n\t\t<div class=\"elementor-element elementor-element-558794d e-con-full e-flex elementor-invisible e-con e-child\" data-id=\"558794d\" data-element_type=\"container\" data-e-type=\"container\" data-settings=\"{&quot;animation&quot;:&quot;fadeInRight&quot;,&quot;background_background&quot;:&quot;classic&quot;}\">\n\t\t\t\t<div class=\"elementor-element elementor-element-530294f9 elementor-widget elementor-widget-heading\" data-id=\"530294f9\" data-element_type=\"widget\" data-e-type=\"widget\" data-widget_type=\"heading.default\">\n\t\t\t\t<div class=\"elementor-widget-container\">\n\t\t\t\t\t<h6 class=\"elementor-heading-title elementor-size-default\">Nos services<\/h6>\t\t\t\t<\/div>\n\t\t\t\t<\/div>\n\t\t\t\t<div class=\"elementor-element elementor-element-4d58f12f elementor-widget elementor-widget-heading\" data-id=\"4d58f12f\" data-element_type=\"widget\" data-e-type=\"widget\" data-widget_type=\"heading.default\">\n\t\t\t\t<div class=\"elementor-widget-container\">\n\t\t\t\t\t<h2 class=\"elementor-heading-title elementor-size-default\">Toujours bien conseill\u00e9<\/h2>\t\t\t\t<\/div>\n\t\t\t\t<\/div>\n\t\t\t\t<div class=\"elementor-element elementor-element-11c0da09 elementor-widget elementor-widget-heading\" data-id=\"11c0da09\" data-element_type=\"widget\" data-e-type=\"widget\" data-widget_type=\"heading.default\">\n\t\t\t\t<div class=\"elementor-widget-container\">\n\t\t\t\t\t<div class=\"elementor-heading-title elementor-size-default\">L'activit\u00e9 m\u00e9dicale du Dr Ali Bakhshandeh couvre toute la gamme des services de m\u00e9decine g\u00e9n\u00e9rale, y compris les visites \u00e0 domicile si n\u00e9cessaire. Les forces humaines et psychologiques du Dr Bakhshandeh, sa perception et son traitement global des personnes malades et le temps qu'il leur consacre \u00e0 chaque visite sont toujours b\u00e9n\u00e9fiques pour les patients.<\/div>\t\t\t\t<\/div>\n\t\t\t\t<\/div>\n\t\t\t\t<div class=\"elementor-element elementor-element-6581b83 elementor-widget elementor-widget-text-editor\" data-id=\"6581b83\" data-element_type=\"widget\" data-e-type=\"widget\" data-widget_type=\"text-editor.default\">\n\t\t\t\t<div class=\"elementor-widget-container\">\n\t\t\t\t\t\t\t\t\t<ul>\n<li>Traitement des maladies aigu\u00ebs relevant de la m\u00e9decine g\u00e9n\u00e9rale<\/li>\n<li>Traitement et suivi des maladies chroniques<\/li>\n<li>Th\u00e9rapie intramusculaire et intraveineuse<\/li>\n<li>Check-ups et examens annuels<\/li>\n<li>Examens pr\u00e9op\u00e9ratoires<\/li>\n<li>Examens de laboratoire complets en collaboration avec des instituts de laboratoire locaux de premier plan<\/li>\n<li>Examen ECG<\/li>\n<li>Spirom\u00e9trie (test de la fonction pulmonaire, \u00ab\u00a0Lufu\u00a0\u00bb)<\/li>\n<li>Certificats de vie<\/li>\n<li>Visites \u00e0 domicile apr\u00e8s consultation<\/li>\n<\/ul>\n\t\t\t\t\t\t\t\t<\/div>\n\t\t\t\t<\/div>\n\t\t\t\t<div class=\"elementor-element elementor-element-8e8086a elementor-widget elementor-widget-heading\" data-id=\"8e8086a\" data-element_type=\"widget\" data-e-type=\"widget\" data-widget_type=\"heading.default\">\n\t\t\t\t<div class=\"elementor-widget-container\">\n\t\t\t\t\t<div class=\"elementor-heading-title elementor-size-default\">Gr\u00e2ce \u00e0 son exp\u00e9rience de plus de 20 ans \u00e0 Marbella et au r\u00e9seau m\u00e9dical qui en r\u00e9sulte, le Dr Bakhshandeh aide ses patients de mani\u00e8re particuli\u00e8rement efficace pour les examens compl\u00e9mentaires, l'orientation vers d'autres sp\u00e9cialistes ou l'hospitalisation n\u00e9cessaire dans l'un des h\u00f4pitaux de la r\u00e9gion. <\/div>\t\t\t\t<\/div>\n\t\t\t\t<\/div>\n\t\t\t\t<\/div>\n\t\t\t\t\t<\/div>\n\t\t\t\t<\/div>\n\t\t<div class=\"elementor-element elementor-element-d6a9125 e-flex e-con-boxed e-con e-parent\" data-id=\"d6a9125\" data-element_type=\"container\" data-e-type=\"container\">\n\t\t\t\t\t<div class=\"e-con-inner\">\n\t\t<div class=\"elementor-element elementor-element-e322038 e-flex e-con-boxed elementor-invisible e-con e-child\" data-id=\"e322038\" data-element_type=\"container\" data-e-type=\"container\" data-settings=\"{&quot;background_background&quot;:&quot;classic&quot;,&quot;animation&quot;:&quot;fadeInDown&quot;}\">\n\t\t\t\t\t<div class=\"e-con-inner\">\n\t\t\t\t<div class=\"elementor-element elementor-element-f2ef8b8 elementor-widget elementor-widget-heading\" data-id=\"f2ef8b8\" data-element_type=\"widget\" data-e-type=\"widget\" data-widget_type=\"heading.default\">\n\t\t\t\t<div class=\"elementor-widget-container\">\n\t\t\t\t\t<h2 class=\"elementor-heading-title elementor-size-default\">Vous avez des questions ou vous souhaitez prendre rendez-vous?<\/h2>\t\t\t\t<\/div>\n\t\t\t\t<\/div>\n\t\t\t\t<div class=\"elementor-element elementor-element-2f7d407 elementor-widget elementor-widget-text-editor\" data-id=\"2f7d407\" data-element_type=\"widget\" data-e-type=\"widget\" data-widget_type=\"text-editor.default\">\n\t\t\t\t<div class=\"elementor-widget-container\">\n\t\t\t\t\t\t\t\t\t<p>N&rsquo;h\u00e9sitez pas \u00e0 nous appeler ou \u00e0 nous envoyer un e-mail!<\/p>\n\t\t\t\t\t\t\t\t<\/div>\n\t\t\t\t<\/div>\n\t\t\t\t<div class=\"elementor-element elementor-element-623dc17 elementor-align-center elementor-widget elementor-widget-button\" data-id=\"623dc17\" data-element_type=\"widget\" data-e-type=\"widget\" data-widget_type=\"button.default\">\n\t\t\t\t<div class=\"elementor-widget-container\">\n\t\t\t\t\t\t\t\t\t<div class=\"elementor-button-wrapper\">\n\t\t\t\t\t<a class=\"elementor-button elementor-button-link elementor-size-sm\" href=\"https:\/\/european-clinic.com\/fr\/contact\/\">\n\t\t\t\t\t\t<span class=\"elementor-button-content-wrapper\">\n\t\t\t\t\t\t\t\t\t<span class=\"elementor-button-text\">Contact<\/span>\n\t\t\t\t\t<\/span>\n\t\t\t\t\t<\/a>\n\t\t\t\t<\/div>\n\t\t\t\t\t\t\t\t<\/div>\n\t\t\t\t<\/div>\n\t\t\t\t\t<\/div>\n\t\t\t\t<\/div>\n\t\t\t\t\t<\/div>\n\t\t\t\t<\/div>\n\t\t\t\t<\/div>\n\t\t","protected":false},"excerpt":{"rendered":"<p>Toute la gamme de la m\u00e9decine g\u00e9n\u00e9rale Nos services Toujours bien conseill\u00e9 L&rsquo;activit\u00e9 m\u00e9dicale du Dr Ali Bakhshandeh couvre toute la gamme des services de m\u00e9decine g\u00e9n\u00e9rale, y compris les visites \u00e0 domicile si n\u00e9cessaire. Les forces humaines et psychologiques du Dr Bakhshandeh, sa perception et son traitement global des personnes malades et le temps [&hellip;]<\/p>\n","protected":false},"author":3,"featured_media":0,"parent":0,"menu_order":0,"comment_status":"closed","ping_status":"closed","template":"elementor_header_footer","meta":{"footnotes":""},"class_list":["post-927","page","type-page","status-publish","hentry"],"_links":{"self":[{"href":"https:\/\/european-clinic.com\/fr\/wp-json\/wp\/v2\/pages\/927","targetHints":{"allow":["GET"]}}],"collection":[{"href":"https:\/\/european-clinic.com\/fr\/wp-json\/wp\/v2\/pages"}],"about":[{"href":"https:\/\/european-clinic.com\/fr\/wp-json\/wp\/v2\/types\/page"}],"author":[{"embeddable":true,"href":"https:\/\/european-clinic.com\/fr\/wp-json\/wp\/v2\/users\/3"}],"replies":[{"embeddable":true,"href":"https:\/\/european-clinic.com\/fr\/wp-json\/wp\/v2\/comments?post=927"}],"version-history":[{"count":13,"href":"https:\/\/european-clinic.com\/fr\/wp-json\/wp\/v2\/pages\/927\/revisions"}],"predecessor-version":[{"id":1795,"href":"https:\/\/european-clinic.com\/fr\/wp-json\/wp\/v2\/pages\/927\/revisions\/1795"}],"wp:attachment":[{"href":"https:\/\/european-clinic.com\/fr\/wp-json\/wp\/v2\/media?parent=927"}],"curies":[{"name":"wp","href":"https:\/\/api.w.org\/{rel}","templated":true}]}}