{"id":968,"date":"2024-01-10T17:34:41","date_gmt":"2024-01-10T17:34:41","guid":{"rendered":"https:\/\/european-clinic.com\/sample-page\/"},"modified":"2025-10-14T13:39:12","modified_gmt":"2025-10-14T13:39:12","slug":"inicio","status":"publish","type":"page","link":"https:\/\/european-clinic.com\/es\/","title":{"rendered":"Inicio"},"content":{"rendered":"\t\t<div data-elementor-type=\"wp-page\" data-elementor-id=\"968\" class=\"elementor elementor-968 elementor-2\" data-elementor-post-type=\"page\">\n\t\t\t\t<div class=\"elementor-element elementor-element-57f38ec9 e-con-full e-flex e-con e-parent\" data-id=\"57f38ec9\" data-element_type=\"container\" data-e-type=\"container\" data-settings=\"{&quot;background_background&quot;:&quot;classic&quot;}\">\n\t\t<div class=\"elementor-element elementor-element-7a528952 e-con-full e-flex e-con e-child\" data-id=\"7a528952\" data-element_type=\"container\" data-e-type=\"container\">\n\t\t\t\t<div class=\"elementor-element elementor-element-765c4c46 elementor-widget elementor-widget-heading\" data-id=\"765c4c46\" data-element_type=\"widget\" data-e-type=\"widget\" data-widget_type=\"heading.default\">\n\t\t\t\t<div class=\"elementor-widget-container\">\n\t\t\t\t\t<h6 class=\"elementor-heading-title elementor-size-default\">Bienvenido a la European Clinic<\/h6>\t\t\t\t<\/div>\n\t\t\t\t<\/div>\n\t\t\t\t<div class=\"elementor-element elementor-element-d9be65 elementor-widget elementor-widget-heading\" data-id=\"d9be65\" data-element_type=\"widget\" data-e-type=\"widget\" data-widget_type=\"heading.default\">\n\t\t\t\t<div class=\"elementor-widget-container\">\n\t\t\t\t\t<h1 class=\"elementor-heading-title elementor-size-default\">Consulta m\u00e9dica alemana en Marbella \/ Elviria\n<\/h1>\t\t\t\t<\/div>\n\t\t\t\t<\/div>\n\t\t\t\t<div class=\"elementor-element elementor-element-58a10a5c elementor-widget__width-initial elementor-widget elementor-widget-heading\" data-id=\"58a10a5c\" data-element_type=\"widget\" data-e-type=\"widget\" data-widget_type=\"heading.default\">\n\t\t\t\t<div class=\"elementor-widget-container\">\n\t\t\t\t\t<div class=\"elementor-heading-title elementor-size-default\">Su moderna consulta especializada en otorrinolaringolog\u00eda y medicina general en el popular Centro Comercial Contur, lado de la playa de Elviria.<\/div>\t\t\t\t<\/div>\n\t\t\t\t<\/div>\n\t\t<div class=\"elementor-element elementor-element-ded9e51 e-con-full e-flex e-con e-child\" data-id=\"ded9e51\" data-element_type=\"container\" data-e-type=\"container\" data-settings=\"{&quot;background_background&quot;:&quot;classic&quot;}\">\n\t\t<div class=\"elementor-element elementor-element-e3178a5 e-con-full e-flex e-con e-child\" data-id=\"e3178a5\" data-element_type=\"container\" data-e-type=\"container\">\n\t\t\t\t<div class=\"elementor-element elementor-element-7504749 elementor-widget elementor-widget-image\" data-id=\"7504749\" data-element_type=\"widget\" data-e-type=\"widget\" data-widget_type=\"image.default\">\n\t\t\t\t<div class=\"elementor-widget-container\">\n\t\t\t\t\t\t\t\t\t\t\t\t\t\t\t<img fetchpriority=\"high\" decoding=\"async\" width=\"800\" height=\"533\" src=\"https:\/\/european-clinic.com\/wp-content\/uploads\/2024\/10\/vitamin1-1-1024x682.jpeg\" class=\"attachment-large size-large wp-image-1657\" alt=\"\" srcset=\"https:\/\/european-clinic.com\/wp-content\/uploads\/2024\/10\/vitamin1-1-1024x682.jpeg 1024w, https:\/\/european-clinic.com\/wp-content\/uploads\/2024\/10\/vitamin1-1-300x200.jpeg 300w, https:\/\/european-clinic.com\/wp-content\/uploads\/2024\/10\/vitamin1-1-768x512.jpeg 768w, https:\/\/european-clinic.com\/wp-content\/uploads\/2024\/10\/vitamin1-1.jpeg 1280w\" sizes=\"(max-width: 800px) 100vw, 800px\" \/>\t\t\t\t\t\t\t\t\t\t\t\t\t\t\t<\/div>\n\t\t\t\t<\/div>\n\t\t\t\t<\/div>\n\t\t<div class=\"elementor-element elementor-element-a671fe6 e-con-full e-flex e-con e-child\" data-id=\"a671fe6\" data-element_type=\"container\" data-e-type=\"container\">\n\t\t\t\t<div class=\"elementor-element elementor-element-9e1eca9 elementor-widget elementor-widget-heading\" data-id=\"9e1eca9\" data-element_type=\"widget\" data-e-type=\"widget\" data-widget_type=\"heading.default\">\n\t\t\t\t<div class=\"elementor-widget-container\">\n\t\t\t\t\t<h4 class=\"elementor-heading-title elementor-size-default\">Transfusiones intravenosas<\/h4>\t\t\t\t<\/div>\n\t\t\t\t<\/div>\n\t\t\t\t<div class=\"elementor-element elementor-element-8173697 elementor-widget elementor-widget-button\" data-id=\"8173697\" data-element_type=\"widget\" data-e-type=\"widget\" data-widget_type=\"button.default\">\n\t\t\t\t<div class=\"elementor-widget-container\">\n\t\t\t\t\t\t\t\t\t<div class=\"elementor-button-wrapper\">\n\t\t\t\t\t<a class=\"elementor-button elementor-button-link elementor-size-sm\" href=\"https:\/\/european-clinic.com\/es\/bienestar-medico\/\">\n\t\t\t\t\t\t<span class=\"elementor-button-content-wrapper\">\n\t\t\t\t\t\t\t\t\t<span class=\"elementor-button-text\">M\u00e1s informaci\u00f3n<\/span>\n\t\t\t\t\t<\/span>\n\t\t\t\t\t<\/a>\n\t\t\t\t<\/div>\n\t\t\t\t\t\t\t\t<\/div>\n\t\t\t\t<\/div>\n\t\t\t\t<\/div>\n\t\t\t\t<\/div>\n\t\t<div class=\"elementor-element elementor-element-25dfc5d e-con-full e-flex e-con e-child\" data-id=\"25dfc5d\" data-element_type=\"container\" data-e-type=\"container\" data-settings=\"{&quot;background_background&quot;:&quot;classic&quot;}\">\n\t\t<div class=\"elementor-element elementor-element-2d2a29c e-con-full e-flex e-con e-child\" data-id=\"2d2a29c\" data-element_type=\"container\" data-e-type=\"container\">\n\t\t\t\t<div class=\"elementor-element elementor-element-9f5a872 elementor-widget elementor-widget-image\" data-id=\"9f5a872\" data-element_type=\"widget\" data-e-type=\"widget\" data-widget_type=\"image.default\">\n\t\t\t\t<div class=\"elementor-widget-container\">\n\t\t\t\t\t\t\t\t\t\t\t\t\t\t\t<img decoding=\"async\" width=\"800\" height=\"533\" src=\"https:\/\/european-clinic.com\/wp-content\/uploads\/2025\/10\/nase.webp\" class=\"attachment-large size-large wp-image-1726\" alt=\"\" srcset=\"https:\/\/european-clinic.com\/wp-content\/uploads\/2025\/10\/nase.webp 800w, https:\/\/european-clinic.com\/wp-content\/uploads\/2025\/10\/nase-300x200.webp 300w, https:\/\/european-clinic.com\/wp-content\/uploads\/2025\/10\/nase-768x512.webp 768w\" sizes=\"(max-width: 800px) 100vw, 800px\" \/>\t\t\t\t\t\t\t\t\t\t\t\t\t\t\t<\/div>\n\t\t\t\t<\/div>\n\t\t\t\t<\/div>\n\t\t<div class=\"elementor-element elementor-element-f2fb9c8 e-con-full e-flex e-con e-child\" data-id=\"f2fb9c8\" data-element_type=\"container\" data-e-type=\"container\">\n\t\t\t\t<div class=\"elementor-element elementor-element-565d8a7 elementor-widget elementor-widget-heading\" data-id=\"565d8a7\" data-element_type=\"widget\" data-e-type=\"widget\" data-widget_type=\"heading.default\">\n\t\t\t\t<div class=\"elementor-widget-container\">\n\t\t\t\t\t<h4 class=\"elementor-heading-title elementor-size-default\">Modelado de nariz sin cirug\u00eda<\/h4>\t\t\t\t<\/div>\n\t\t\t\t<\/div>\n\t\t\t\t<div class=\"elementor-element elementor-element-76e3d5a elementor-widget elementor-widget-button\" data-id=\"76e3d5a\" data-element_type=\"widget\" data-e-type=\"widget\" data-widget_type=\"button.default\">\n\t\t\t\t<div class=\"elementor-widget-container\">\n\t\t\t\t\t\t\t\t\t<div class=\"elementor-button-wrapper\">\n\t\t\t\t\t<a class=\"elementor-button elementor-button-link elementor-size-sm\" href=\"https:\/\/european-clinic.com\/es\/bienestar-medico\/\">\n\t\t\t\t\t\t<span class=\"elementor-button-content-wrapper\">\n\t\t\t\t\t\t\t\t\t<span class=\"elementor-button-text\">M\u00e1s informaci\u00f3n<\/span>\n\t\t\t\t\t<\/span>\n\t\t\t\t\t<\/a>\n\t\t\t\t<\/div>\n\t\t\t\t\t\t\t\t<\/div>\n\t\t\t\t<\/div>\n\t\t\t\t<\/div>\n\t\t\t\t<\/div>\n\t\t\t\t<\/div>\n\t\t<div class=\"elementor-element elementor-element-2e7b117b e-con-full e-flex e-con e-child\" data-id=\"2e7b117b\" data-element_type=\"container\" data-e-type=\"container\" data-settings=\"{&quot;background_background&quot;:&quot;gradient&quot;}\">\n\t\t\t\t<div class=\"elementor-element elementor-element-11337fe4 elementor-widget elementor-widget-image\" data-id=\"11337fe4\" data-element_type=\"widget\" data-e-type=\"widget\" data-widget_type=\"image.default\">\n\t\t\t\t<div class=\"elementor-widget-container\">\n\t\t\t\t\t\t\t\t\t\t\t\t\t\t\t<img decoding=\"async\" width=\"782\" height=\"663\" src=\"https:\/\/european-clinic.com\/wp-content\/uploads\/2024\/04\/staff-ec.webp\" class=\"attachment-full size-full wp-image-1452\" alt=\"European Clinic\" srcset=\"https:\/\/european-clinic.com\/wp-content\/uploads\/2024\/04\/staff-ec.webp 782w, https:\/\/european-clinic.com\/wp-content\/uploads\/2024\/04\/staff-ec-300x254.webp 300w, https:\/\/european-clinic.com\/wp-content\/uploads\/2024\/04\/staff-ec-768x651.webp 768w\" sizes=\"(max-width: 782px) 100vw, 782px\" \/>\t\t\t\t\t\t\t\t\t\t\t\t\t\t\t<\/div>\n\t\t\t\t<\/div>\n\t\t\t\t<\/div>\n\t\t\t\t<\/div>\n\t\t<div class=\"elementor-element elementor-element-358c5ffa e-flex e-con-boxed e-con e-parent\" data-id=\"358c5ffa\" data-element_type=\"container\" data-e-type=\"container\">\n\t\t\t\t\t<div class=\"e-con-inner\">\n\t\t<div class=\"elementor-element elementor-element-4d80dd9a e-con-full e-flex elementor-invisible e-con e-child\" data-id=\"4d80dd9a\" data-element_type=\"container\" data-e-type=\"container\" data-settings=\"{&quot;background_background&quot;:&quot;classic&quot;,&quot;animation&quot;:&quot;fadeInRight&quot;}\">\n\t\t\t\t<div class=\"elementor-element elementor-element-ea53e9b elementor-widget elementor-widget-image\" data-id=\"ea53e9b\" data-element_type=\"widget\" data-e-type=\"widget\" data-widget_type=\"image.default\">\n\t\t\t\t<div class=\"elementor-widget-container\">\n\t\t\t\t\t\t\t\t\t\t\t\t\t\t\t\t<a href=\"https:\/\/european-clinic.com\/es\/otorrinolaringologia\/\">\n\t\t\t\t\t\t\t<img loading=\"lazy\" decoding=\"async\" width=\"198\" height=\"198\" src=\"https:\/\/european-clinic.com\/wp-content\/uploads\/2024\/03\/IMG_8732_neu1.webp\" class=\"attachment-large size-large wp-image-760\" alt=\"Dr. Rolande Frank-Fischer\" srcset=\"https:\/\/european-clinic.com\/wp-content\/uploads\/2024\/03\/IMG_8732_neu1.webp 198w, https:\/\/european-clinic.com\/wp-content\/uploads\/2024\/03\/IMG_8732_neu1-150x150.webp 150w\" sizes=\"(max-width: 198px) 100vw, 198px\" \/>\t\t\t\t\t\t\t\t<\/a>\n\t\t\t\t\t\t\t\t\t\t\t\t\t\t\t<\/div>\n\t\t\t\t<\/div>\n\t\t\t\t<div class=\"elementor-element elementor-element-2004660 elementor-widget elementor-widget-heading\" data-id=\"2004660\" data-element_type=\"widget\" data-e-type=\"widget\" data-widget_type=\"heading.default\">\n\t\t\t\t<div class=\"elementor-widget-container\">\n\t\t\t\t\t<h3 class=\"elementor-heading-title elementor-size-default\"><a href=\"https:\/\/european-clinic.com\/es\/otorrinolaringologia\/\">Dr. Rolande Frank-Fischer<\/a><\/h3>\t\t\t\t<\/div>\n\t\t\t\t<\/div>\n\t\t\t\t<div class=\"elementor-element elementor-element-73f21f5 elementor-widget elementor-widget-text-editor\" data-id=\"73f21f5\" data-element_type=\"widget\" data-e-type=\"widget\" data-widget_type=\"text-editor.default\">\n\t\t\t\t<div class=\"elementor-widget-container\">\n\t\t\t\t\t\t\t\t\t<p>Especialista en otorrinolaringolog\u00eda (ORL), <br \/>cirug\u00eda de cabeza y cuello, alergolog\u00eda<\/p>\n\t\t\t\t\t\t\t\t<\/div>\n\t\t\t\t<\/div>\n\t\t\t\t<\/div>\n\t\t<div class=\"elementor-element elementor-element-65709605 e-con-full e-flex elementor-invisible e-con e-child\" data-id=\"65709605\" data-element_type=\"container\" data-e-type=\"container\" data-settings=\"{&quot;background_background&quot;:&quot;classic&quot;,&quot;animation&quot;:&quot;fadeInRight&quot;}\">\n\t\t\t\t<div class=\"elementor-element elementor-element-ffdd437 elementor-widget elementor-widget-image\" data-id=\"ffdd437\" data-element_type=\"widget\" data-e-type=\"widget\" data-widget_type=\"image.default\">\n\t\t\t\t<div class=\"elementor-widget-container\">\n\t\t\t\t\t\t\t\t\t\t\t\t\t\t\t\t<a href=\"https:\/\/european-clinic.com\/es\/medicina-general\/\">\n\t\t\t\t\t\t\t<img loading=\"lazy\" decoding=\"async\" width=\"198\" height=\"198\" src=\"https:\/\/european-clinic.com\/wp-content\/uploads\/2024\/03\/IMG_8651_neu.webp\" class=\"attachment-large size-large wp-image-757\" alt=\"Dr. Ali Bakhshandeh\" srcset=\"https:\/\/european-clinic.com\/wp-content\/uploads\/2024\/03\/IMG_8651_neu.webp 198w, https:\/\/european-clinic.com\/wp-content\/uploads\/2024\/03\/IMG_8651_neu-150x150.webp 150w\" sizes=\"(max-width: 198px) 100vw, 198px\" \/>\t\t\t\t\t\t\t\t<\/a>\n\t\t\t\t\t\t\t\t\t\t\t\t\t\t\t<\/div>\n\t\t\t\t<\/div>\n\t\t\t\t<div class=\"elementor-element elementor-element-02858b5 elementor-widget elementor-widget-heading\" data-id=\"02858b5\" data-element_type=\"widget\" data-e-type=\"widget\" data-widget_type=\"heading.default\">\n\t\t\t\t<div class=\"elementor-widget-container\">\n\t\t\t\t\t<h3 class=\"elementor-heading-title elementor-size-default\"><a href=\"https:\/\/european-clinic.com\/es\/medicina-general\/\">Dr. Ali Bakhshandeh<\/a><\/h3>\t\t\t\t<\/div>\n\t\t\t\t<\/div>\n\t\t\t\t<div class=\"elementor-element elementor-element-63c1c70 elementor-widget elementor-widget-text-editor\" data-id=\"63c1c70\" data-element_type=\"widget\" data-e-type=\"widget\" data-widget_type=\"text-editor.default\">\n\t\t\t\t<div class=\"elementor-widget-container\">\n\t\t\t\t\t\t\t\t\t<p>Especialista para<br \/>medicina general, m\u00e9dico de familia<\/p>\n\t\t\t\t\t\t\t\t<\/div>\n\t\t\t\t<\/div>\n\t\t\t\t<\/div>\n\t\t<div class=\"elementor-element elementor-element-a316640 e-con-full e-flex elementor-invisible e-con e-child\" data-id=\"a316640\" data-element_type=\"container\" data-e-type=\"container\" data-settings=\"{&quot;background_background&quot;:&quot;classic&quot;,&quot;animation&quot;:&quot;fadeInRight&quot;}\">\n\t\t\t\t<div class=\"elementor-element elementor-element-966c067 elementor-widget elementor-widget-image\" data-id=\"966c067\" data-element_type=\"widget\" data-e-type=\"widget\" data-widget_type=\"image.default\">\n\t\t\t\t<div class=\"elementor-widget-container\">\n\t\t\t\t\t\t\t\t\t\t\t\t\t\t\t\t<a href=\"https:\/\/european-clinic.com\/es\/bienestar-medico\/\">\n\t\t\t\t\t\t\t<img loading=\"lazy\" decoding=\"async\" width=\"512\" height=\"512\" src=\"https:\/\/european-clinic.com\/wp-content\/uploads\/2024\/01\/cropped-favicon512.png\" class=\"attachment-large size-large wp-image-29\" alt=\"\" srcset=\"https:\/\/european-clinic.com\/wp-content\/uploads\/2024\/01\/cropped-favicon512.png 512w, https:\/\/european-clinic.com\/wp-content\/uploads\/2024\/01\/cropped-favicon512-300x300.png 300w, https:\/\/european-clinic.com\/wp-content\/uploads\/2024\/01\/cropped-favicon512-150x150.png 150w, https:\/\/european-clinic.com\/wp-content\/uploads\/2024\/01\/cropped-favicon512-270x270.png 270w, https:\/\/european-clinic.com\/wp-content\/uploads\/2024\/01\/cropped-favicon512-192x192.png 192w, https:\/\/european-clinic.com\/wp-content\/uploads\/2024\/01\/cropped-favicon512-180x180.png 180w, https:\/\/european-clinic.com\/wp-content\/uploads\/2024\/01\/cropped-favicon512-32x32.png 32w\" sizes=\"(max-width: 512px) 100vw, 512px\" \/>\t\t\t\t\t\t\t\t<\/a>\n\t\t\t\t\t\t\t\t\t\t\t\t\t\t\t<\/div>\n\t\t\t\t<\/div>\n\t\t\t\t<div class=\"elementor-element elementor-element-f862ec2 elementor-widget elementor-widget-heading\" data-id=\"f862ec2\" data-element_type=\"widget\" data-e-type=\"widget\" data-widget_type=\"heading.default\">\n\t\t\t\t<div class=\"elementor-widget-container\">\n\t\t\t\t\t<h3 class=\"elementor-heading-title elementor-size-default\"><a href=\"https:\/\/european-clinic.com\/es\/bienestar-medico\/\">Bienestar m\u00e9dico<\/a><\/h3>\t\t\t\t<\/div>\n\t\t\t\t<\/div>\n\t\t\t\t<div class=\"elementor-element elementor-element-17596f7 elementor-widget elementor-widget-text-editor\" data-id=\"17596f7\" data-element_type=\"widget\" data-e-type=\"widget\" data-widget_type=\"text-editor.default\">\n\t\t\t\t<div class=\"elementor-widget-container\">\n\t\t\t\t\t\t\t\t\t<p>Infusiones inmunitarias y de refuerzo<\/p>\n<p>Antienvejecimiento<\/p>\n<p>Gesti\u00f3n diet\u00e9tica<\/p>\n<p>Inyecciones quemagrasas<\/p>\n\t\t\t\t\t\t\t\t<\/div>\n\t\t\t\t<\/div>\n\t\t\t\t<\/div>\n\t\t\t\t\t<\/div>\n\t\t\t\t<\/div>\n\t\t<div class=\"elementor-element elementor-element-1ef25fcb e-flex e-con-boxed e-con e-parent\" data-id=\"1ef25fcb\" data-element_type=\"container\" data-e-type=\"container\" data-settings=\"{&quot;background_background&quot;:&quot;classic&quot;}\">\n\t\t\t\t\t<div class=\"e-con-inner\">\n\t\t<div class=\"elementor-element elementor-element-452346a3 e-con-full e-flex e-con e-child\" data-id=\"452346a3\" data-element_type=\"container\" data-e-type=\"container\">\n\t\t\t\t<div class=\"elementor-element elementor-element-654917f9 elementor-widget elementor-widget-image\" data-id=\"654917f9\" data-element_type=\"widget\" data-e-type=\"widget\" data-widget_type=\"image.default\">\n\t\t\t\t<div class=\"elementor-widget-container\">\n\t\t\t\t\t\t\t\t\t\t\t\t\t\t\t<img loading=\"lazy\" decoding=\"async\" width=\"857\" height=\"529\" src=\"https:\/\/european-clinic.com\/wp-content\/uploads\/2024\/03\/IMG_8651_neu-copia.webp\" class=\"attachment-full size-full wp-image-766\" alt=\"Dr. Rolande Frank-Fischer und Dr. Ali Bakhshandeh\" srcset=\"https:\/\/european-clinic.com\/wp-content\/uploads\/2024\/03\/IMG_8651_neu-copia.webp 857w, https:\/\/european-clinic.com\/wp-content\/uploads\/2024\/03\/IMG_8651_neu-copia-300x185.webp 300w, https:\/\/european-clinic.com\/wp-content\/uploads\/2024\/03\/IMG_8651_neu-copia-768x474.webp 768w\" sizes=\"(max-width: 857px) 100vw, 857px\" \/>\t\t\t\t\t\t\t\t\t\t\t\t\t\t\t<\/div>\n\t\t\t\t<\/div>\n\t\t\t\t<div class=\"elementor-element elementor-element-4c15daba elementor-cta--skin-cover elementor-cta--valign-middle elementor-widget__width-initial elementor-absolute elementor-widget elementor-widget-call-to-action\" data-id=\"4c15daba\" data-element_type=\"widget\" data-e-type=\"widget\" data-settings=\"{&quot;_position&quot;:&quot;absolute&quot;}\" data-widget_type=\"call-to-action.default\">\n\t\t\t\t<div class=\"elementor-widget-container\">\n\t\t\t\t\t\t\t<div class=\"elementor-cta\">\n\t\t\t\t\t<div class=\"elementor-cta__bg-wrapper\">\n\t\t\t\t<div class=\"elementor-cta__bg elementor-bg\" style=\"background-image: url();\" role=\"img\" aria-label=\"\"><\/div>\n\t\t\t\t<div class=\"elementor-cta__bg-overlay\"><\/div>\n\t\t\t<\/div>\n\t\t\t\t\t\t\t<div class=\"elementor-cta__content\">\n\t\t\t\t\n\t\t\t\t\t\t\t\t\t<div class=\"elementor-cta__title elementor-cta__content-item elementor-content-item\">\n\t\t\t\t\t\t15+\t\t\t\t\t<\/div>\n\t\t\t\t\n\t\t\t\t\t\t\t\t\t<div class=\"elementor-cta__description elementor-cta__content-item elementor-content-item\">\n\t\t\t\t\t\t<p>a\u00f1os en Marbella<\/p>\n\t\t\t\t\t<\/div>\n\t\t\t\t\n\t\t\t\t\t\t\t<\/div>\n\t\t\t\t\t\t<\/div>\n\t\t\t\t\t\t<\/div>\n\t\t\t\t<\/div>\n\t\t\t\t<\/div>\n\t\t<div class=\"elementor-element elementor-element-4351a889 e-con-full e-flex e-con e-child\" data-id=\"4351a889\" data-element_type=\"container\" data-e-type=\"container\">\n\t\t\t\t<div class=\"elementor-element elementor-element-787fc79c elementor-widget elementor-widget-heading\" data-id=\"787fc79c\" data-element_type=\"widget\" data-e-type=\"widget\" data-widget_type=\"heading.default\">\n\t\t\t\t<div class=\"elementor-widget-container\">\n\t\t\t\t\t<h6 class=\"elementor-heading-title elementor-size-default\">Qui\u00e9nes somos<\/h6>\t\t\t\t<\/div>\n\t\t\t\t<\/div>\n\t\t\t\t<div class=\"elementor-element elementor-element-6646bb2f elementor-widget elementor-widget-heading\" data-id=\"6646bb2f\" data-element_type=\"widget\" data-e-type=\"widget\" data-widget_type=\"heading.default\">\n\t\t\t\t<div class=\"elementor-widget-container\">\n\t\t\t\t\t<h2 class=\"elementor-heading-title elementor-size-default\">Con experiencia, moderno, multiling\u00fce<\/h2>\t\t\t\t<\/div>\n\t\t\t\t<\/div>\n\t\t\t\t<div class=\"elementor-element elementor-element-343a835a elementor-widget elementor-widget-heading\" data-id=\"343a835a\" data-element_type=\"widget\" data-e-type=\"widget\" data-widget_type=\"heading.default\">\n\t\t\t\t<div class=\"elementor-widget-container\">\n\t\t\t\t\t<div class=\"elementor-heading-title elementor-size-default\">La European Clinic ofrece atenci\u00f3n m\u00e9dica del m\u00e1s alto nivel y de acuerdo con las normas cient\u00edficas y t\u00e9cnicas m\u00e1s recientes. Llevamos m\u00e1s de 15 a\u00f1os atendiendo a nuestros pacientes internacionales y a todos los residentes de la Costa del Sol con medicina de vanguardia y mucho coraz\u00f3n.<\/div>\t\t\t\t<\/div>\n\t\t\t\t<\/div>\n\t\t\t\t<div class=\"elementor-element elementor-element-1ec84e9f elementor-widget elementor-widget-heading\" data-id=\"1ec84e9f\" data-element_type=\"widget\" data-e-type=\"widget\" data-widget_type=\"heading.default\">\n\t\t\t\t<div class=\"elementor-widget-container\">\n\t\t\t\t\t<div class=\"elementor-heading-title elementor-size-default\">Los pacientes son atendidos por todo el equipo de la European Clinic en alem\u00e1n, ingl\u00e9s, espa\u00f1ol y franc\u00e9s. \u00a1Estaremos encantados de atenderle! <\/div>\t\t\t\t<\/div>\n\t\t\t\t<\/div>\n\t\t\t\t<\/div>\n\t\t\t\t\t<\/div>\n\t\t\t\t<\/div>\n\t\t<div class=\"elementor-element elementor-element-51313b6 e-con-full e-flex e-con e-parent\" data-id=\"51313b6\" data-element_type=\"container\" data-e-type=\"container\">\n\t\t\t\t<div class=\"elementor-element elementor-element-09d7e5a elementor-widget elementor-widget-html\" data-id=\"09d7e5a\" data-element_type=\"widget\" data-e-type=\"widget\" data-widget_type=\"html.default\">\n\t\t\t\t<div class=\"elementor-widget-container\">\n\t\t\t\t\t<iframe src=\"https:\/\/www.google.com\/maps\/embed?pb=!1m18!1m12!1m3!1d3207.5144871869356!2d-4.7758476!3d36.493441!2m3!1f0!2f0!3f0!3m2!1i1024!2i768!4f13.1!3m3!1m2!1s0xd7321d3e843136d%3A0x686e68210b5f7195!2sEuropean%20Clinic!5e0!3m2!1sde!2ses!4v1707735081305!5m2!1sde!2ses\" width=\"100%\" height=\"450\" style=\"border:0;\" allowfullscreen=\"\" loading=\"lazy\" referrerpolicy=\"no-referrer-when-downgrade\"><\/iframe>\t\t\t\t<\/div>\n\t\t\t\t<\/div>\n\t\t\t\t<\/div>\n\t\t\t\t<\/div>\n\t\t","protected":false},"excerpt":{"rendered":"<p>Bienvenido a la European Clinic Consulta m\u00e9dica alemana en Marbella \/ Elviria Su moderna consulta especializada en otorrinolaringolog\u00eda y medicina general en el popular Centro Comercial Contur, lado de la playa de Elviria. Transfusiones intravenosas M\u00e1s informaci\u00f3n Modelado de nariz sin cirug\u00eda M\u00e1s informaci\u00f3n Dr. Rolande Frank-Fischer Especialista en otorrinolaringolog\u00eda (ORL), cirug\u00eda de cabeza y [&hellip;]<\/p>\n","protected":false},"author":1,"featured_media":0,"parent":0,"menu_order":0,"comment_status":"closed","ping_status":"open","template":"elementor_header_footer","meta":{"footnotes":""},"class_list":["post-968","page","type-page","status-publish","hentry"],"_links":{"self":[{"href":"https:\/\/european-clinic.com\/es\/wp-json\/wp\/v2\/pages\/968","targetHints":{"allow":["GET"]}}],"collection":[{"href":"https:\/\/european-clinic.com\/es\/wp-json\/wp\/v2\/pages"}],"about":[{"href":"https:\/\/european-clinic.com\/es\/wp-json\/wp\/v2\/types\/page"}],"author":[{"embeddable":true,"href":"https:\/\/european-clinic.com\/es\/wp-json\/wp\/v2\/users\/1"}],"replies":[{"embeddable":true,"href":"https:\/\/european-clinic.com\/es\/wp-json\/wp\/v2\/comments?post=968"}],"version-history":[{"count":41,"href":"https:\/\/european-clinic.com\/es\/wp-json\/wp\/v2\/pages\/968\/revisions"}],"predecessor-version":[{"id":1790,"href":"https:\/\/european-clinic.com\/es\/wp-json\/wp\/v2\/pages\/968\/revisions\/1790"}],"wp:attachment":[{"href":"https:\/\/european-clinic.com\/es\/wp-json\/wp\/v2\/media?parent=968"}],"curies":[{"name":"wp","href":"https:\/\/api.w.org\/{rel}","templated":true}]}}