{"id":942,"date":"2024-02-16T19:52:59","date_gmt":"2024-02-16T19:52:59","guid":{"rendered":"https:\/\/european-clinic.com\/allgemeinmedizin\/"},"modified":"2025-10-14T13:37:39","modified_gmt":"2025-10-14T13:37:39","slug":"medicina-general","status":"publish","type":"page","link":"https:\/\/european-clinic.com\/es\/medicina-general\/","title":{"rendered":"Dr. Ali Bakhshandeh"},"content":{"rendered":"\t\t<div data-elementor-type=\"wp-page\" data-elementor-id=\"942\" class=\"elementor elementor-942 elementor-387\" data-elementor-post-type=\"page\">\n\t\t\t\t<div class=\"elementor-element elementor-element-7006a029 e-flex e-con-boxed e-con e-child\" data-id=\"7006a029\" data-element_type=\"container\" data-e-type=\"container\" data-settings=\"{&quot;background_background&quot;:&quot;classic&quot;}\">\n\t\t\t\t\t<div class=\"e-con-inner\">\n\t\t<div class=\"elementor-element elementor-element-7638ab44 e-flex e-con-boxed e-con e-child\" data-id=\"7638ab44\" data-element_type=\"container\" data-e-type=\"container\">\n\t\t\t\t\t<div class=\"e-con-inner\">\n\t\t\t\t<div class=\"elementor-element elementor-element-3fb78b10 elementor-widget elementor-widget-heading\" data-id=\"3fb78b10\" data-element_type=\"widget\" data-e-type=\"widget\" data-widget_type=\"heading.default\">\n\t\t\t\t<div class=\"elementor-widget-container\">\n\t\t\t\t\t<h1 class=\"elementor-heading-title elementor-size-default\">Dr. Ali Bakhshandeh<\/h1>\t\t\t\t<\/div>\n\t\t\t\t<\/div>\n\t\t\t\t<div class=\"elementor-element elementor-element-51e3c417 elementor-widget elementor-widget-heading\" data-id=\"51e3c417\" data-element_type=\"widget\" data-e-type=\"widget\" data-widget_type=\"heading.default\">\n\t\t\t\t<div class=\"elementor-widget-container\">\n\t\t\t\t\t<h2 class=\"elementor-heading-title elementor-size-default\">Especialista en medicina general y de familia, m\u00e9dico de familia<\/h2>\t\t\t\t<\/div>\n\t\t\t\t<\/div>\n\t\t\t\t\t<\/div>\n\t\t\t\t<\/div>\n\t\t\t\t\t<\/div>\n\t\t\t\t<\/div>\n\t\t<div class=\"elementor-element elementor-element-7be21121 e-flex e-con-boxed e-con e-parent\" data-id=\"7be21121\" data-element_type=\"container\" data-e-type=\"container\" data-settings=\"{&quot;background_background&quot;:&quot;classic&quot;}\">\n\t\t\t\t\t<div class=\"e-con-inner\">\n\t\t<div class=\"elementor-element elementor-element-4ce4dec9 e-con-full e-flex elementor-invisible e-con e-child\" data-id=\"4ce4dec9\" data-element_type=\"container\" data-e-type=\"container\" data-settings=\"{&quot;animation&quot;:&quot;fadeInLeft&quot;}\">\n\t\t\t\t<div class=\"elementor-element elementor-element-2206c9a4 elementor-widget elementor-widget-image\" data-id=\"2206c9a4\" data-element_type=\"widget\" data-e-type=\"widget\" data-widget_type=\"image.default\">\n\t\t\t\t<div class=\"elementor-widget-container\">\n\t\t\t\t\t\t\t\t\t\t\t\t\t\t\t<img fetchpriority=\"high\" decoding=\"async\" width=\"1860\" height=\"1395\" src=\"https:\/\/european-clinic.com\/wp-content\/uploads\/2024\/03\/IMG_9096.webp\" class=\"attachment-full size-full wp-image-802\" alt=\"Dr. Ali Bakhshandeh\" srcset=\"https:\/\/european-clinic.com\/wp-content\/uploads\/2024\/03\/IMG_9096.webp 1860w, https:\/\/european-clinic.com\/wp-content\/uploads\/2024\/03\/IMG_9096-300x225.webp 300w, https:\/\/european-clinic.com\/wp-content\/uploads\/2024\/03\/IMG_9096-1024x768.webp 1024w, https:\/\/european-clinic.com\/wp-content\/uploads\/2024\/03\/IMG_9096-768x576.webp 768w, https:\/\/european-clinic.com\/wp-content\/uploads\/2024\/03\/IMG_9096-1536x1152.webp 1536w\" sizes=\"(max-width: 1860px) 100vw, 1860px\" \/>\t\t\t\t\t\t\t\t\t\t\t\t\t\t\t<\/div>\n\t\t\t\t<\/div>\n\t\t\t\t<\/div>\n\t\t<div class=\"elementor-element elementor-element-70eed352 e-con-full e-flex elementor-invisible e-con e-child\" data-id=\"70eed352\" data-element_type=\"container\" data-e-type=\"container\" data-settings=\"{&quot;animation&quot;:&quot;fadeInRight&quot;,&quot;background_background&quot;:&quot;classic&quot;}\">\n\t\t\t\t<div class=\"elementor-element elementor-element-6d329d09 elementor-widget elementor-widget-heading\" data-id=\"6d329d09\" data-element_type=\"widget\" data-e-type=\"widget\" data-widget_type=\"heading.default\">\n\t\t\t\t<div class=\"elementor-widget-container\">\n\t\t\t\t\t<h2 class=\"elementor-heading-title elementor-size-default\">El m\u00e9dico para todos los casos<\/h2>\t\t\t\t<\/div>\n\t\t\t\t<\/div>\n\t\t\t\t<div class=\"elementor-element elementor-element-0914ab1 elementor-widget elementor-widget-text-editor\" data-id=\"0914ab1\" data-element_type=\"widget\" data-e-type=\"widget\" data-widget_type=\"text-editor.default\">\n\t\t\t\t<div class=\"elementor-widget-container\">\n\t\t\t\t\t\t\t\t\t<p>El Dr. Ali Bakhshandeh lleva 20 a\u00f1os trabajando en Marbella. Su formaci\u00f3n en Austria, su buena reputaci\u00f3n en el \u00e1mbito m\u00e9dico y social y su buena red de contactos en Marbella garantizan que usted, como paciente del Dr. Ali Bakhshandeh en la Cl\u00ednica Europea, est\u00e1 en las mejores manos, tanto personal como m\u00e9dicamente.<\/p>\n\t\t\t\t\t\t\t\t<\/div>\n\t\t\t\t<\/div>\n\t\t\t\t<div class=\"elementor-element elementor-element-47e1e412 elementor-view-stacked elementor-position-inline-start elementor-mobile-position-inline-start elementor-shape-circle elementor-widget elementor-widget-icon-box\" data-id=\"47e1e412\" data-element_type=\"widget\" data-e-type=\"widget\" data-widget_type=\"icon-box.default\">\n\t\t\t\t<div class=\"elementor-widget-container\">\n\t\t\t\t\t\t\t<div class=\"elementor-icon-box-wrapper\">\n\n\t\t\t\t\t\t<div class=\"elementor-icon-box-icon\">\n\t\t\t\t<a href=\"https:\/\/european-clinic.com\/es\/diagnostico-terapia-medicina-general\/\" class=\"elementor-icon\" tabindex=\"-1\" aria-label=\"Diagn\u00f3stico y terapia\">\n\t\t\t\t<i aria-hidden=\"true\" class=\"icon icon-doctor\"><\/i>\t\t\t\t<\/a>\n\t\t\t<\/div>\n\t\t\t\n\t\t\t\t\t\t<div class=\"elementor-icon-box-content\">\n\n\t\t\t\t\t\t\t\t\t<div class=\"elementor-icon-box-title\">\n\t\t\t\t\t\t<a href=\"https:\/\/european-clinic.com\/es\/diagnostico-terapia-medicina-general\/\" >\n\t\t\t\t\t\t\tDiagn\u00f3stico y terapia\t\t\t\t\t\t<\/a>\n\t\t\t\t\t<\/div>\n\t\t\t\t\n\t\t\t\t\t\t\t\t\t<p class=\"elementor-icon-box-description\">\n\t\t\t\t\t\t<a href=\"https:\/\/european-clinic.com\/es\/diagnostico-terapia-medicina-general\/\">-&gt; mas informaci\u00f3n<\/a><\/a>\t\t\t\t\t<\/p>\n\t\t\t\t\n\t\t\t<\/div>\n\t\t\t\n\t\t<\/div>\n\t\t\t\t\t\t<\/div>\n\t\t\t\t<\/div>\n\t\t\t\t<div class=\"elementor-element elementor-element-df156e3 elementor-view-stacked elementor-position-inline-start elementor-mobile-position-inline-start elementor-shape-circle elementor-widget elementor-widget-icon-box\" data-id=\"df156e3\" data-element_type=\"widget\" data-e-type=\"widget\" data-widget_type=\"icon-box.default\">\n\t\t\t\t<div class=\"elementor-widget-container\">\n\t\t\t\t\t\t\t<div class=\"elementor-icon-box-wrapper\">\n\n\t\t\t\t\t\t<div class=\"elementor-icon-box-icon\">\n\t\t\t\t<a href=\"https:\/\/european-clinic.com\/es\/gestion-dietetica\/\" class=\"elementor-icon\" tabindex=\"-1\" aria-label=\"Gesti\u00f3n diet\u00e9tica\">\n\t\t\t\t<i aria-hidden=\"true\" class=\"icon icon-flower\"><\/i>\t\t\t\t<\/a>\n\t\t\t<\/div>\n\t\t\t\n\t\t\t\t\t\t<div class=\"elementor-icon-box-content\">\n\n\t\t\t\t\t\t\t\t\t<div class=\"elementor-icon-box-title\">\n\t\t\t\t\t\t<a href=\"https:\/\/european-clinic.com\/es\/gestion-dietetica\/\" >\n\t\t\t\t\t\t\tGesti\u00f3n diet\u00e9tica\t\t\t\t\t\t<\/a>\n\t\t\t\t\t<\/div>\n\t\t\t\t\n\t\t\t\t\t\t\t\t\t<p class=\"elementor-icon-box-description\">\n\t\t\t\t\t\t<a href=\"https:\/\/european-clinic.com\/es\/gestion-dietetica\/\">-&gt; mas informaci\u00f3n<\/a>\t\t\t\t\t<\/p>\n\t\t\t\t\n\t\t\t<\/div>\n\t\t\t\n\t\t<\/div>\n\t\t\t\t\t\t<\/div>\n\t\t\t\t<\/div>\n\t\t\t\t<div class=\"elementor-element elementor-element-4a973341 elementor-view-stacked elementor-position-inline-start elementor-mobile-position-inline-start elementor-shape-circle elementor-widget elementor-widget-icon-box\" data-id=\"4a973341\" data-element_type=\"widget\" data-e-type=\"widget\" data-widget_type=\"icon-box.default\">\n\t\t\t\t<div class=\"elementor-widget-container\">\n\t\t\t\t\t\t\t<div class=\"elementor-icon-box-wrapper\">\n\n\t\t\t\t\t\t<div class=\"elementor-icon-box-icon\">\n\t\t\t\t<a href=\"https:\/\/european-clinic.com\/es\/carrera-curriculum-ali\/\" class=\"elementor-icon\" tabindex=\"-1\" aria-label=\"Carrera y curriculum vitae\">\n\t\t\t\t<svg aria-hidden=\"true\" class=\"e-font-icon-svg e-fas-user-graduate\" viewBox=\"0 0 448 512\" xmlns=\"http:\/\/www.w3.org\/2000\/svg\"><path d=\"M319.4 320.6L224 416l-95.4-95.4C57.1 323.7 0 382.2 0 454.4v9.6c0 26.5 21.5 48 48 48h352c26.5 0 48-21.5 48-48v-9.6c0-72.2-57.1-130.7-128.6-133.8zM13.6 79.8l6.4 1.5v58.4c-7 4.2-12 11.5-12 20.3 0 8.4 4.6 15.4 11.1 19.7L3.5 242c-1.7 6.9 2.1 14 7.6 14h41.8c5.5 0 9.3-7.1 7.6-14l-15.6-62.3C51.4 175.4 56 168.4 56 160c0-8.8-5-16.1-12-20.3V87.1l66 15.9c-8.6 17.2-14 36.4-14 57 0 70.7 57.3 128 128 128s128-57.3 128-128c0-20.6-5.3-39.8-14-57l96.3-23.2c18.2-4.4 18.2-27.1 0-31.5l-190.4-46c-13-3.1-26.7-3.1-39.7 0L13.6 48.2c-18.1 4.4-18.1 27.2 0 31.6z\"><\/path><\/svg>\t\t\t\t<\/a>\n\t\t\t<\/div>\n\t\t\t\n\t\t\t\t\t\t<div class=\"elementor-icon-box-content\">\n\n\t\t\t\t\t\t\t\t\t<div class=\"elementor-icon-box-title\">\n\t\t\t\t\t\t<a href=\"https:\/\/european-clinic.com\/es\/carrera-curriculum-ali\/\" >\n\t\t\t\t\t\t\tCarrera y curriculum vitae\t\t\t\t\t\t<\/a>\n\t\t\t\t\t<\/div>\n\t\t\t\t\n\t\t\t\t\t\t\t\t\t<p class=\"elementor-icon-box-description\">\n\t\t\t\t\t\t<a href=\"https:\/\/european-clinic.com\/es\/carrera-curriculum-ali\/\">-&gt; mas informaci\u00f3n<\/a>\t\t\t\t\t<\/p>\n\t\t\t\t\n\t\t\t<\/div>\n\t\t\t\n\t\t<\/div>\n\t\t\t\t\t\t<\/div>\n\t\t\t\t<\/div>\n\t\t\t\t<\/div>\n\t\t\t\t\t<\/div>\n\t\t\t\t<\/div>\n\t\t<div class=\"elementor-element elementor-element-2f419f5 e-flex e-con-boxed e-con e-parent\" data-id=\"2f419f5\" data-element_type=\"container\" data-e-type=\"container\">\n\t\t\t\t\t<div class=\"e-con-inner\">\n\t\t<div class=\"elementor-element elementor-element-4b28a183 e-flex e-con-boxed elementor-invisible e-con e-child\" data-id=\"4b28a183\" data-element_type=\"container\" data-e-type=\"container\" data-settings=\"{&quot;background_background&quot;:&quot;classic&quot;,&quot;animation&quot;:&quot;fadeInDown&quot;}\">\n\t\t\t\t\t<div class=\"e-con-inner\">\n\t\t\t\t<div class=\"elementor-element elementor-element-9185e4b elementor-widget elementor-widget-heading\" data-id=\"9185e4b\" data-element_type=\"widget\" data-e-type=\"widget\" data-widget_type=\"heading.default\">\n\t\t\t\t<div class=\"elementor-widget-container\">\n\t\t\t\t\t<h4 class=\"elementor-heading-title elementor-size-default\">\u00bfTiene alguna pregunta o desea pedir cita?<\/h4>\t\t\t\t<\/div>\n\t\t\t\t<\/div>\n\t\t\t\t<div class=\"elementor-element elementor-element-11437e8f elementor-widget elementor-widget-text-editor\" data-id=\"11437e8f\" data-element_type=\"widget\" data-e-type=\"widget\" data-widget_type=\"text-editor.default\">\n\t\t\t\t<div class=\"elementor-widget-container\">\n\t\t\t\t\t\t\t\t\t<p>Ll\u00e1menos o env\u00edenos un correo electr\u00f3nico.<\/p>\n\t\t\t\t\t\t\t\t<\/div>\n\t\t\t\t<\/div>\n\t\t\t\t<div class=\"elementor-element elementor-element-366322b4 elementor-align-center elementor-widget elementor-widget-button\" data-id=\"366322b4\" data-element_type=\"widget\" data-e-type=\"widget\" data-widget_type=\"button.default\">\n\t\t\t\t<div class=\"elementor-widget-container\">\n\t\t\t\t\t\t\t\t\t<div class=\"elementor-button-wrapper\">\n\t\t\t\t\t<a class=\"elementor-button elementor-button-link elementor-size-sm\" href=\"https:\/\/european-clinic.com\/es\/contacto\/\">\n\t\t\t\t\t\t<span class=\"elementor-button-content-wrapper\">\n\t\t\t\t\t\t\t\t\t<span class=\"elementor-button-text\">Contacto<\/span>\n\t\t\t\t\t<\/span>\n\t\t\t\t\t<\/a>\n\t\t\t\t<\/div>\n\t\t\t\t\t\t\t\t<\/div>\n\t\t\t\t<\/div>\n\t\t\t\t\t<\/div>\n\t\t\t\t<\/div>\n\t\t\t\t\t<\/div>\n\t\t\t\t<\/div>\n\t\t\t\t<\/div>\n\t\t","protected":false},"excerpt":{"rendered":"<p>Especialista en medicina general y de familia, m\u00e9dico de familia El m\u00e9dico para todos los casos El Dr. Ali Bakhshandeh lleva 20 a\u00f1os trabajando en Marbella. Su formaci\u00f3n en Austria, su buena reputaci\u00f3n en el \u00e1mbito m\u00e9dico y social y su buena red de contactos en Marbella garantizan que usted, como paciente del Dr. Ali [&hellip;]<\/p>\n","protected":false},"author":3,"featured_media":0,"parent":0,"menu_order":0,"comment_status":"closed","ping_status":"closed","template":"elementor_header_footer","meta":{"footnotes":""},"class_list":["post-942","page","type-page","status-publish","hentry"],"_links":{"self":[{"href":"https:\/\/european-clinic.com\/es\/wp-json\/wp\/v2\/pages\/942","targetHints":{"allow":["GET"]}}],"collection":[{"href":"https:\/\/european-clinic.com\/es\/wp-json\/wp\/v2\/pages"}],"about":[{"href":"https:\/\/european-clinic.com\/es\/wp-json\/wp\/v2\/types\/page"}],"author":[{"embeddable":true,"href":"https:\/\/european-clinic.com\/es\/wp-json\/wp\/v2\/users\/3"}],"replies":[{"embeddable":true,"href":"https:\/\/european-clinic.com\/es\/wp-json\/wp\/v2\/comments?post=942"}],"version-history":[{"count":16,"href":"https:\/\/european-clinic.com\/es\/wp-json\/wp\/v2\/pages\/942\/revisions"}],"predecessor-version":[{"id":1787,"href":"https:\/\/european-clinic.com\/es\/wp-json\/wp\/v2\/pages\/942\/revisions\/1787"}],"wp:attachment":[{"href":"https:\/\/european-clinic.com\/es\/wp-json\/wp\/v2\/media?parent=942"}],"curies":[{"name":"wp","href":"https:\/\/api.w.org\/{rel}","templated":true}]}}