{"id":933,"date":"2024-02-16T19:57:43","date_gmt":"2024-02-16T19:57:43","guid":{"rendered":"https:\/\/european-clinic.com\/diagnostik-therapie-hno\/"},"modified":"2025-10-14T13:37:06","modified_gmt":"2025-10-14T13:37:06","slug":"diargostico-terapia-otorrinolaringologia","status":"publish","type":"page","link":"https:\/\/european-clinic.com\/es\/diargostico-terapia-otorrinolaringologia\/","title":{"rendered":"Diagn\u00f3stico y terapia, operaciones"},"content":{"rendered":"\t\t<div data-elementor-type=\"wp-page\" data-elementor-id=\"933\" class=\"elementor elementor-933 elementor-395\" data-elementor-post-type=\"page\">\n\t\t\t\t<div class=\"elementor-element elementor-element-7b985268 e-flex e-con-boxed e-con e-child\" data-id=\"7b985268\" data-element_type=\"container\" data-e-type=\"container\" data-settings=\"{&quot;background_background&quot;:&quot;classic&quot;}\">\n\t\t\t\t\t<div class=\"e-con-inner\">\n\t\t<div class=\"elementor-element elementor-element-49e945e9 e-flex e-con-boxed e-con e-child\" data-id=\"49e945e9\" data-element_type=\"container\" data-e-type=\"container\">\n\t\t\t\t\t<div class=\"e-con-inner\">\n\t\t\t\t<div class=\"elementor-element elementor-element-3742b16d elementor-widget elementor-widget-heading\" data-id=\"3742b16d\" data-element_type=\"widget\" data-e-type=\"widget\" data-widget_type=\"heading.default\">\n\t\t\t\t<div class=\"elementor-widget-container\">\n\t\t\t\t\t<h1 class=\"elementor-heading-title elementor-size-default\">Diagn\u00f3stico y terapia, operaciones<\/h1>\t\t\t\t<\/div>\n\t\t\t\t<\/div>\n\t\t\t\t<div class=\"elementor-element elementor-element-14fa502 elementor-widget elementor-widget-heading\" data-id=\"14fa502\" data-element_type=\"widget\" data-e-type=\"widget\" data-widget_type=\"heading.default\">\n\t\t\t\t<div class=\"elementor-widget-container\">\n\t\t\t\t\t<h4 class=\"elementor-heading-title elementor-size-default\">Toda la gama de otorrinolaringolog\u00eda<\/h4>\t\t\t\t<\/div>\n\t\t\t\t<\/div>\n\t\t\t\t\t<\/div>\n\t\t\t\t<\/div>\n\t\t\t\t\t<\/div>\n\t\t\t\t<\/div>\n\t\t<div class=\"elementor-element elementor-element-5be35f2 e-flex e-con-boxed e-con e-parent\" data-id=\"5be35f2\" data-element_type=\"container\" data-e-type=\"container\" data-settings=\"{&quot;background_background&quot;:&quot;classic&quot;}\">\n\t\t\t\t\t<div class=\"e-con-inner\">\n\t\t<div class=\"elementor-element elementor-element-0033d5e e-con-full e-flex elementor-invisible e-con e-child\" data-id=\"0033d5e\" data-element_type=\"container\" data-e-type=\"container\" data-settings=\"{&quot;animation&quot;:&quot;fadeInLeft&quot;}\">\n\t\t\t\t<div class=\"elementor-element elementor-element-3cd45ec elementor-widget elementor-widget-image\" data-id=\"3cd45ec\" data-element_type=\"widget\" data-e-type=\"widget\" data-widget_type=\"image.default\">\n\t\t\t\t<div class=\"elementor-widget-container\">\n\t\t\t\t\t\t\t\t\t\t\t\t\t\t\t<img fetchpriority=\"high\" decoding=\"async\" width=\"864\" height=\"1151\" src=\"https:\/\/european-clinic.com\/wp-content\/uploads\/2024\/03\/IMG_8832_neu.webp\" class=\"attachment-full size-full wp-image-778\" alt=\"Fach\u00e4rztin f\u00fcr Hals-Nasen-Ohren, Kopf-Hals-Chirurgie, Allergologie\" srcset=\"https:\/\/european-clinic.com\/wp-content\/uploads\/2024\/03\/IMG_8832_neu.webp 864w, https:\/\/european-clinic.com\/wp-content\/uploads\/2024\/03\/IMG_8832_neu-225x300.webp 225w, https:\/\/european-clinic.com\/wp-content\/uploads\/2024\/03\/IMG_8832_neu-769x1024.webp 769w, https:\/\/european-clinic.com\/wp-content\/uploads\/2024\/03\/IMG_8832_neu-768x1023.webp 768w\" sizes=\"(max-width: 864px) 100vw, 864px\" \/>\t\t\t\t\t\t\t\t\t\t\t\t\t\t\t<\/div>\n\t\t\t\t<\/div>\n\t\t\t\t<div class=\"elementor-element elementor-element-450c468 elementor-widget elementor-widget-image\" data-id=\"450c468\" data-element_type=\"widget\" data-e-type=\"widget\" data-widget_type=\"image.default\">\n\t\t\t\t<div class=\"elementor-widget-container\">\n\t\t\t\t\t\t\t\t\t\t\t\t\t\t\t<img decoding=\"async\" width=\"852\" height=\"1136\" src=\"https:\/\/european-clinic.com\/wp-content\/uploads\/2024\/03\/IMG_8859_neu.webp\" class=\"attachment-full size-full wp-image-781\" alt=\"Fach\u00e4rztin f\u00fcr Hals-Nasen-Ohren, Kopf-Hals-Chirurgie, Allergologie\" srcset=\"https:\/\/european-clinic.com\/wp-content\/uploads\/2024\/03\/IMG_8859_neu.webp 852w, https:\/\/european-clinic.com\/wp-content\/uploads\/2024\/03\/IMG_8859_neu-225x300.webp 225w, https:\/\/european-clinic.com\/wp-content\/uploads\/2024\/03\/IMG_8859_neu-768x1024.webp 768w\" sizes=\"(max-width: 852px) 100vw, 852px\" \/>\t\t\t\t\t\t\t\t\t\t\t\t\t\t\t<\/div>\n\t\t\t\t<\/div>\n\t\t\t\t<\/div>\n\t\t<div class=\"elementor-element elementor-element-558794d e-con-full e-flex elementor-invisible e-con e-child\" data-id=\"558794d\" data-element_type=\"container\" data-e-type=\"container\" data-settings=\"{&quot;animation&quot;:&quot;fadeInRight&quot;,&quot;background_background&quot;:&quot;classic&quot;}\">\n\t\t\t\t<div class=\"elementor-element elementor-element-530294f9 elementor-widget elementor-widget-heading\" data-id=\"530294f9\" data-element_type=\"widget\" data-e-type=\"widget\" data-widget_type=\"heading.default\">\n\t\t\t\t<div class=\"elementor-widget-container\">\n\t\t\t\t\t<h6 class=\"elementor-heading-title elementor-size-default\">Nuestros servicios<\/h6>\t\t\t\t<\/div>\n\t\t\t\t<\/div>\n\t\t\t\t<div class=\"elementor-element elementor-element-4d58f12f elementor-widget elementor-widget-heading\" data-id=\"4d58f12f\" data-element_type=\"widget\" data-e-type=\"widget\" data-widget_type=\"heading.default\">\n\t\t\t\t<div class=\"elementor-widget-container\">\n\t\t\t\t\t<h2 class=\"elementor-heading-title elementor-size-default\">Completo y competente<\/h2>\t\t\t\t<\/div>\n\t\t\t\t<\/div>\n\t\t\t\t<div class=\"elementor-element elementor-element-b815690 elementor-widget elementor-widget-heading\" data-id=\"b815690\" data-element_type=\"widget\" data-e-type=\"widget\" data-widget_type=\"heading.default\">\n\t\t\t\t<div class=\"elementor-widget-container\">\n\t\t\t\t\t<h3 class=\"elementor-heading-title elementor-size-default\">Diagn\u00f3stico<\/h3>\t\t\t\t<\/div>\n\t\t\t\t<\/div>\n\t\t\t\t<div class=\"elementor-element elementor-element-0aa4bd4 elementor-widget elementor-widget-text-editor\" data-id=\"0aa4bd4\" data-element_type=\"widget\" data-e-type=\"widget\" data-widget_type=\"text-editor.default\">\n\t\t\t\t<div class=\"elementor-widget-container\">\n\t\t\t\t\t\t\t\t\t<p>Todas las enfermedades de garganta, nariz y o\u00eddos, laringe, cuerdas vocales, gl\u00e1ndulas salivales, p\u00e9rdida de audici\u00f3n y ronquidos se diagnostican y tratan en la nueva, moderna y m\u00e9dicamente puntera cl\u00ednica. Se tratan todos los pacientes, desde la edad de ni\u00f1os hasta mayores.<\/p>\n<ul>\n<li>Chequeo ORL: laringe y cuerdas vocales, senos paranasales, o\u00eddos, gl\u00e1ndulas salivales<\/li>\n<li>Cribado del c\u00e1ncer lar\u00edngeo<\/li>\n<li>Ex\u00e1menes endosc\u00f3picos de nariz, faringe, garganta y laringe<\/li>\n<li>Tratamiento postoperatorio endosc\u00f3pico despu\u00e9s cirug\u00eda de senos paranasales<\/li>\n<li>Examen microsc\u00f3pico de los o\u00eddos<\/li>\n<li>Ecograf\u00eda (examen por ultrasonidos) de los senos paranasales, el cuello (ganglios linf\u00e1ticos) y las gl\u00e1ndulas salivales.<\/li>\n<li>Tinnitus: diagn\u00f3stico y terapia<\/li>\n<li>Aclaraci\u00f3n sobre la p\u00e9rdida de audici\u00f3n, la p\u00e9rdida de audici\u00f3n s\u00fabita y los mareos y sus pruebas diagn\u00f3sticas<\/li>\n<li>Audiometr\u00eda (pruebas de audici\u00f3n)<\/li>\n<li>Timpanometr\u00eda (medici\u00f3n de la presi\u00f3n del o\u00eddo medio y de la trompa)<\/li>\n<li>Prescripci\u00f3n de aud\u00edfonos<\/li>\n<li>Prick test<\/li>\n<li>Desensibilizaci\u00f3n<\/li>\n<\/ul>\n\t\t\t\t\t\t\t\t<\/div>\n\t\t\t\t<\/div>\n\t\t\t\t<div class=\"elementor-element elementor-element-c11cbef elementor-widget elementor-widget-heading\" data-id=\"c11cbef\" data-element_type=\"widget\" data-e-type=\"widget\" data-widget_type=\"heading.default\">\n\t\t\t\t<div class=\"elementor-widget-container\">\n\t\t\t\t\t<h3 class=\"elementor-heading-title elementor-size-default\">Operaciones<\/h3>\t\t\t\t<\/div>\n\t\t\t\t<\/div>\n\t\t\t\t<div class=\"elementor-element elementor-element-8049e14 elementor-widget elementor-widget-text-editor\" data-id=\"8049e14\" data-element_type=\"widget\" data-e-type=\"widget\" data-widget_type=\"text-editor.default\">\n\t\t\t\t<div class=\"elementor-widget-container\">\n\t\t\t\t\t\t\t\t\t<p>La Dra. Frank-Fischer opera habitualmente en el Hospital Ochoa de Marbella. Adem\u00e1s de los procedimientos quir\u00fargicos m\u00ednimamente invasivos de ORL, tambi\u00e9n se llevan a cabo procedimientos innovadores con l\u00e1ser, que en la mayor\u00eda de los casos pueden evitar la necesidad de hospitalizaci\u00f3n, por ejemplo para operaciones de am\u00edgdalas, adenoides y tubos de timpanostom\u00eda en ni\u00f1os.<\/p>\n<ul>\n<li>Adenotom\u00eda<\/li>\n<li>Paracentese \/ Paukendrainage<\/li>\n<li>Amigdalectom\u00eda con l\u00e1ser<\/li>\n<li>Operaciones de gl\u00e1ndulas salivales<\/li>\n<li>Cirug\u00eda de los senos paranasales (endosc\u00f3pica, m\u00ednimamente invasiva)<\/li>\n<li>Operaciones del tabique nasal<\/li>\n<li>Cirug\u00eda l\u00e1ser de los tumores de las cuerdas vocales y la laringe<\/li>\n<li>Timpanoplastia (cirug\u00eda del t\u00edmpano)<\/li>\n<li>Microcirug\u00eda del o\u00eddo<\/li>\n<li>Operaciones de ronquido con l\u00e1ser<\/li>\n<\/ul>\n\t\t\t\t\t\t\t\t<\/div>\n\t\t\t\t<\/div>\n\t\t\t\t<\/div>\n\t\t\t\t\t<\/div>\n\t\t\t\t<\/div>\n\t\t<div class=\"elementor-element elementor-element-d6a9125 e-flex e-con-boxed e-con e-parent\" data-id=\"d6a9125\" data-element_type=\"container\" data-e-type=\"container\">\n\t\t\t\t\t<div class=\"e-con-inner\">\n\t\t<div class=\"elementor-element elementor-element-e322038 e-flex e-con-boxed elementor-invisible e-con e-child\" data-id=\"e322038\" data-element_type=\"container\" data-e-type=\"container\" data-settings=\"{&quot;background_background&quot;:&quot;classic&quot;,&quot;animation&quot;:&quot;fadeInDown&quot;}\">\n\t\t\t\t\t<div class=\"e-con-inner\">\n\t\t\t\t<div class=\"elementor-element elementor-element-f2ef8b8 elementor-widget elementor-widget-heading\" data-id=\"f2ef8b8\" data-element_type=\"widget\" data-e-type=\"widget\" data-widget_type=\"heading.default\">\n\t\t\t\t<div class=\"elementor-widget-container\">\n\t\t\t\t\t<h2 class=\"elementor-heading-title elementor-size-default\">\u00bfTiene alguna pregunta o desea pedir cita?<\/h2>\t\t\t\t<\/div>\n\t\t\t\t<\/div>\n\t\t\t\t<div class=\"elementor-element elementor-element-2f7d407 elementor-widget elementor-widget-text-editor\" data-id=\"2f7d407\" data-element_type=\"widget\" data-e-type=\"widget\" data-widget_type=\"text-editor.default\">\n\t\t\t\t<div class=\"elementor-widget-container\">\n\t\t\t\t\t\t\t\t\t<p>Ll\u00e1menos por tel\u00e9fono o escr\u00edbanos.<\/p>\n\t\t\t\t\t\t\t\t<\/div>\n\t\t\t\t<\/div>\n\t\t\t\t<div class=\"elementor-element elementor-element-623dc17 elementor-align-center elementor-widget elementor-widget-button\" data-id=\"623dc17\" data-element_type=\"widget\" data-e-type=\"widget\" data-widget_type=\"button.default\">\n\t\t\t\t<div class=\"elementor-widget-container\">\n\t\t\t\t\t\t\t\t\t<div class=\"elementor-button-wrapper\">\n\t\t\t\t\t<a class=\"elementor-button elementor-button-link elementor-size-sm\" href=\"https:\/\/european-clinic.com\/es\/contacto\/\">\n\t\t\t\t\t\t<span class=\"elementor-button-content-wrapper\">\n\t\t\t\t\t\t\t\t\t<span class=\"elementor-button-text\">Contacto<\/span>\n\t\t\t\t\t<\/span>\n\t\t\t\t\t<\/a>\n\t\t\t\t<\/div>\n\t\t\t\t\t\t\t\t<\/div>\n\t\t\t\t<\/div>\n\t\t\t\t\t<\/div>\n\t\t\t\t<\/div>\n\t\t\t\t\t<\/div>\n\t\t\t\t<\/div>\n\t\t<div class=\"elementor-element elementor-element-69f2093 e-flex e-con-boxed e-con e-parent\" data-id=\"69f2093\" data-element_type=\"container\" data-e-type=\"container\">\n\t\t\t\t\t<div class=\"e-con-inner\">\n\t\t\t\t\t<\/div>\n\t\t\t\t<\/div>\n\t\t\t\t<\/div>\n\t\t","protected":false},"excerpt":{"rendered":"<p>Toda la gama de otorrinolaringolog\u00eda Nuestros servicios Completo y competente Diagn\u00f3stico Todas las enfermedades de garganta, nariz y o\u00eddos, laringe, cuerdas vocales, gl\u00e1ndulas salivales, p\u00e9rdida de audici\u00f3n y ronquidos se diagnostican y tratan en la nueva, moderna y m\u00e9dicamente puntera cl\u00ednica. Se tratan todos los pacientes, desde la edad de ni\u00f1os hasta mayores. Chequeo ORL: [&hellip;]<\/p>\n","protected":false},"author":3,"featured_media":0,"parent":0,"menu_order":0,"comment_status":"closed","ping_status":"closed","template":"elementor_header_footer","meta":{"footnotes":""},"class_list":["post-933","page","type-page","status-publish","hentry"],"_links":{"self":[{"href":"https:\/\/european-clinic.com\/es\/wp-json\/wp\/v2\/pages\/933","targetHints":{"allow":["GET"]}}],"collection":[{"href":"https:\/\/european-clinic.com\/es\/wp-json\/wp\/v2\/pages"}],"about":[{"href":"https:\/\/european-clinic.com\/es\/wp-json\/wp\/v2\/types\/page"}],"author":[{"embeddable":true,"href":"https:\/\/european-clinic.com\/es\/wp-json\/wp\/v2\/users\/3"}],"replies":[{"embeddable":true,"href":"https:\/\/european-clinic.com\/es\/wp-json\/wp\/v2\/comments?post=933"}],"version-history":[{"count":13,"href":"https:\/\/european-clinic.com\/es\/wp-json\/wp\/v2\/pages\/933\/revisions"}],"predecessor-version":[{"id":1786,"href":"https:\/\/european-clinic.com\/es\/wp-json\/wp\/v2\/pages\/933\/revisions\/1786"}],"wp:attachment":[{"href":"https:\/\/european-clinic.com\/es\/wp-json\/wp\/v2\/media?parent=933"}],"curies":[{"name":"wp","href":"https:\/\/api.w.org\/{rel}","templated":true}]}}