{"id":929,"date":"2024-02-16T19:58:39","date_gmt":"2024-02-16T19:58:39","guid":{"rendered":"https:\/\/european-clinic.com\/diagnostik-therapie-allgemeinmedizin\/"},"modified":"2025-10-14T13:36:33","modified_gmt":"2025-10-14T13:36:33","slug":"diagnostico-terapia-medicina-general","status":"publish","type":"page","link":"https:\/\/european-clinic.com\/es\/diagnostico-terapia-medicina-general\/","title":{"rendered":"Diagn\u00f3stico y terapia"},"content":{"rendered":"\t\t<div data-elementor-type=\"wp-page\" data-elementor-id=\"929\" class=\"elementor elementor-929 elementor-403\" data-elementor-post-type=\"page\">\n\t\t\t\t<div class=\"elementor-element elementor-element-7b985268 e-flex e-con-boxed e-con e-child\" data-id=\"7b985268\" data-element_type=\"container\" data-e-type=\"container\" data-settings=\"{&quot;background_background&quot;:&quot;classic&quot;}\">\n\t\t\t\t\t<div class=\"e-con-inner\">\n\t\t<div class=\"elementor-element elementor-element-49e945e9 e-flex e-con-boxed e-con e-child\" data-id=\"49e945e9\" data-element_type=\"container\" data-e-type=\"container\">\n\t\t\t\t\t<div class=\"e-con-inner\">\n\t\t\t\t<div class=\"elementor-element elementor-element-3742b16d elementor-widget elementor-widget-heading\" data-id=\"3742b16d\" data-element_type=\"widget\" data-e-type=\"widget\" data-widget_type=\"heading.default\">\n\t\t\t\t<div class=\"elementor-widget-container\">\n\t\t\t\t\t<h1 class=\"elementor-heading-title elementor-size-default\">Diagn\u00f3stico y terapia<\/h1>\t\t\t\t<\/div>\n\t\t\t\t<\/div>\n\t\t\t\t<div class=\"elementor-element elementor-element-14fa502 elementor-widget elementor-widget-heading\" data-id=\"14fa502\" data-element_type=\"widget\" data-e-type=\"widget\" data-widget_type=\"heading.default\">\n\t\t\t\t<div class=\"elementor-widget-container\">\n\t\t\t\t\t<h4 class=\"elementor-heading-title elementor-size-default\">Toda la gama de la medicina general<\/h4>\t\t\t\t<\/div>\n\t\t\t\t<\/div>\n\t\t\t\t\t<\/div>\n\t\t\t\t<\/div>\n\t\t\t\t\t<\/div>\n\t\t\t\t<\/div>\n\t\t<div class=\"elementor-element elementor-element-5be35f2 e-flex e-con-boxed e-con e-parent\" data-id=\"5be35f2\" data-element_type=\"container\" data-e-type=\"container\" data-settings=\"{&quot;background_background&quot;:&quot;classic&quot;}\">\n\t\t\t\t\t<div class=\"e-con-inner\">\n\t\t<div class=\"elementor-element elementor-element-0033d5e e-con-full e-flex elementor-invisible e-con e-child\" data-id=\"0033d5e\" data-element_type=\"container\" data-e-type=\"container\" data-settings=\"{&quot;animation&quot;:&quot;fadeInLeft&quot;}\">\n\t\t\t\t<div class=\"elementor-element elementor-element-3cd45ec elementor-widget elementor-widget-image\" data-id=\"3cd45ec\" data-element_type=\"widget\" data-e-type=\"widget\" data-widget_type=\"image.default\">\n\t\t\t\t<div class=\"elementor-widget-container\">\n\t\t\t\t\t\t\t\t\t\t\t\t\t\t\t<img fetchpriority=\"high\" decoding=\"async\" width=\"760\" height=\"1013\" src=\"https:\/\/european-clinic.com\/wp-content\/uploads\/2024\/03\/IMG_8886_neu.webp\" class=\"attachment-full size-full wp-image-808\" alt=\"Facharzt f\u00fcr Allgemein- und Familien-Medizin, Hausarzt\" srcset=\"https:\/\/european-clinic.com\/wp-content\/uploads\/2024\/03\/IMG_8886_neu.webp 760w, https:\/\/european-clinic.com\/wp-content\/uploads\/2024\/03\/IMG_8886_neu-225x300.webp 225w\" sizes=\"(max-width: 760px) 100vw, 760px\" \/>\t\t\t\t\t\t\t\t\t\t\t\t\t\t\t<\/div>\n\t\t\t\t<\/div>\n\t\t\t\t<\/div>\n\t\t<div class=\"elementor-element elementor-element-558794d e-con-full e-flex elementor-invisible e-con e-child\" data-id=\"558794d\" data-element_type=\"container\" data-e-type=\"container\" data-settings=\"{&quot;animation&quot;:&quot;fadeInRight&quot;,&quot;background_background&quot;:&quot;classic&quot;}\">\n\t\t\t\t<div class=\"elementor-element elementor-element-530294f9 elementor-widget elementor-widget-heading\" data-id=\"530294f9\" data-element_type=\"widget\" data-e-type=\"widget\" data-widget_type=\"heading.default\">\n\t\t\t\t<div class=\"elementor-widget-container\">\n\t\t\t\t\t<h6 class=\"elementor-heading-title elementor-size-default\">Nuestros servicios<\/h6>\t\t\t\t<\/div>\n\t\t\t\t<\/div>\n\t\t\t\t<div class=\"elementor-element elementor-element-4d58f12f elementor-widget elementor-widget-heading\" data-id=\"4d58f12f\" data-element_type=\"widget\" data-e-type=\"widget\" data-widget_type=\"heading.default\">\n\t\t\t\t<div class=\"elementor-widget-container\">\n\t\t\t\t\t<h2 class=\"elementor-heading-title elementor-size-default\">Siempre bien aconsejado<\/h2>\t\t\t\t<\/div>\n\t\t\t\t<\/div>\n\t\t\t\t<div class=\"elementor-element elementor-element-11c0da09 elementor-widget elementor-widget-heading\" data-id=\"11c0da09\" data-element_type=\"widget\" data-e-type=\"widget\" data-widget_type=\"heading.default\">\n\t\t\t\t<div class=\"elementor-widget-container\">\n\t\t\t\t\t<div class=\"elementor-heading-title elementor-size-default\">La consulta m\u00e9dica del Dr. Ali Bakhshandeh cubre toda la gama de servicios m\u00e9dicos de cabecera, incluidas las visitas a domicilio en caso necesario. La fuerza humana y psicol\u00f3gica del Dr. Bakhshandeh, su percepci\u00f3n y tratamiento hol\u00edsticos de los enfermos y el tiempo que les dedica en cada visita siempre benefician a los pacientes.<\/div>\t\t\t\t<\/div>\n\t\t\t\t<\/div>\n\t\t\t\t<div class=\"elementor-element elementor-element-6581b83 elementor-widget elementor-widget-text-editor\" data-id=\"6581b83\" data-element_type=\"widget\" data-e-type=\"widget\" data-widget_type=\"text-editor.default\">\n\t\t\t\t<div class=\"elementor-widget-container\">\n\t\t\t\t\t\t\t\t\t<ul>\n<li>Tratamiento de enfermedades m\u00e9dicas generales agudas<\/li>\n<li>Tratamiento y apoyo de enfermedades cr\u00f3nicas<\/li>\n<li>Terapias intramuscular e intravenosa<\/li>\n<li>Chequeos y ex\u00e1menes anuales<\/li>\n<li>Ex\u00e1menes preoperatorios<\/li>\n<li>An\u00e1lisis de laboratorio exhaustivos en cooperaci\u00f3n con los principales institutos de laboratorio locales<\/li>\n<li>Ex\u00e1menes de ECG<\/li>\n<li>Espirometr\u00eda (prueba de la funci\u00f3n pulmonar)<\/li>\n<li>Certificados de vida<\/li>\n<li>Visitas a domicilio tras consulta<\/li>\n<\/ul>\n\t\t\t\t\t\t\t\t<\/div>\n\t\t\t\t<\/div>\n\t\t\t\t<div class=\"elementor-element elementor-element-8e8086a elementor-widget elementor-widget-heading\" data-id=\"8e8086a\" data-element_type=\"widget\" data-e-type=\"widget\" data-widget_type=\"heading.default\">\n\t\t\t\t<div class=\"elementor-widget-container\">\n\t\t\t\t\t<div class=\"elementor-heading-title elementor-size-default\">Gracias a sus m\u00e1s de 20 a\u00f1os de experiencia en Marbella y a la red m\u00e9dica resultante, el Dr. Bakhshandeh es especialmente eficaz a la hora de ayudar a sus pacientes con ex\u00e1menes complementarios, derivaciones a otros especialistas o incluso si necesitan ser ingresados en uno de los hospitales locales. <\/div>\t\t\t\t<\/div>\n\t\t\t\t<\/div>\n\t\t\t\t<\/div>\n\t\t\t\t\t<\/div>\n\t\t\t\t<\/div>\n\t\t<div class=\"elementor-element elementor-element-d6a9125 e-flex e-con-boxed e-con e-parent\" data-id=\"d6a9125\" data-element_type=\"container\" data-e-type=\"container\">\n\t\t\t\t\t<div class=\"e-con-inner\">\n\t\t<div class=\"elementor-element elementor-element-e322038 e-flex e-con-boxed elementor-invisible e-con e-child\" data-id=\"e322038\" data-element_type=\"container\" data-e-type=\"container\" data-settings=\"{&quot;background_background&quot;:&quot;classic&quot;,&quot;animation&quot;:&quot;fadeInDown&quot;}\">\n\t\t\t\t\t<div class=\"e-con-inner\">\n\t\t\t\t<div class=\"elementor-element elementor-element-f2ef8b8 elementor-widget elementor-widget-heading\" data-id=\"f2ef8b8\" data-element_type=\"widget\" data-e-type=\"widget\" data-widget_type=\"heading.default\">\n\t\t\t\t<div class=\"elementor-widget-container\">\n\t\t\t\t\t<h2 class=\"elementor-heading-title elementor-size-default\">\u00bfTiene alguna pregunta o desea pedir cita?<\/h2>\t\t\t\t<\/div>\n\t\t\t\t<\/div>\n\t\t\t\t<div class=\"elementor-element elementor-element-2f7d407 elementor-widget elementor-widget-text-editor\" data-id=\"2f7d407\" data-element_type=\"widget\" data-e-type=\"widget\" data-widget_type=\"text-editor.default\">\n\t\t\t\t<div class=\"elementor-widget-container\">\n\t\t\t\t\t\t\t\t\t<p>Ll\u00e1menos o env\u00edenos un correo electr\u00f3nico.<\/p>\n\t\t\t\t\t\t\t\t<\/div>\n\t\t\t\t<\/div>\n\t\t\t\t<div class=\"elementor-element elementor-element-623dc17 elementor-align-center elementor-widget elementor-widget-button\" data-id=\"623dc17\" data-element_type=\"widget\" data-e-type=\"widget\" data-widget_type=\"button.default\">\n\t\t\t\t<div class=\"elementor-widget-container\">\n\t\t\t\t\t\t\t\t\t<div class=\"elementor-button-wrapper\">\n\t\t\t\t\t<a class=\"elementor-button elementor-button-link elementor-size-sm\" href=\"https:\/\/european-clinic.com\/es\/contacto\/\">\n\t\t\t\t\t\t<span class=\"elementor-button-content-wrapper\">\n\t\t\t\t\t\t\t\t\t<span class=\"elementor-button-text\">Contacto<\/span>\n\t\t\t\t\t<\/span>\n\t\t\t\t\t<\/a>\n\t\t\t\t<\/div>\n\t\t\t\t\t\t\t\t<\/div>\n\t\t\t\t<\/div>\n\t\t\t\t\t<\/div>\n\t\t\t\t<\/div>\n\t\t\t\t\t<\/div>\n\t\t\t\t<\/div>\n\t\t\t\t<\/div>\n\t\t","protected":false},"excerpt":{"rendered":"<p>Toda la gama de la medicina general Nuestros servicios Siempre bien aconsejado La consulta m\u00e9dica del Dr. Ali Bakhshandeh cubre toda la gama de servicios m\u00e9dicos de cabecera, incluidas las visitas a domicilio en caso necesario. La fuerza humana y psicol\u00f3gica del Dr. Bakhshandeh, su percepci\u00f3n y tratamiento hol\u00edsticos de los enfermos y el tiempo [&hellip;]<\/p>\n","protected":false},"author":3,"featured_media":0,"parent":0,"menu_order":0,"comment_status":"closed","ping_status":"closed","template":"elementor_header_footer","meta":{"footnotes":""},"class_list":["post-929","page","type-page","status-publish","hentry"],"_links":{"self":[{"href":"https:\/\/european-clinic.com\/es\/wp-json\/wp\/v2\/pages\/929","targetHints":{"allow":["GET"]}}],"collection":[{"href":"https:\/\/european-clinic.com\/es\/wp-json\/wp\/v2\/pages"}],"about":[{"href":"https:\/\/european-clinic.com\/es\/wp-json\/wp\/v2\/types\/page"}],"author":[{"embeddable":true,"href":"https:\/\/european-clinic.com\/es\/wp-json\/wp\/v2\/users\/3"}],"replies":[{"embeddable":true,"href":"https:\/\/european-clinic.com\/es\/wp-json\/wp\/v2\/comments?post=929"}],"version-history":[{"count":16,"href":"https:\/\/european-clinic.com\/es\/wp-json\/wp\/v2\/pages\/929\/revisions"}],"predecessor-version":[{"id":1785,"href":"https:\/\/european-clinic.com\/es\/wp-json\/wp\/v2\/pages\/929\/revisions\/1785"}],"wp:attachment":[{"href":"https:\/\/european-clinic.com\/es\/wp-json\/wp\/v2\/media?parent=929"}],"curies":[{"name":"wp","href":"https:\/\/api.w.org\/{rel}","templated":true}]}}