{"id":950,"date":"2024-02-23T10:37:53","date_gmt":"2024-02-23T10:37:53","guid":{"rendered":"https:\/\/european-clinic.com\/karriere-vita\/"},"modified":"2025-10-14T13:27:24","modified_gmt":"2025-10-14T13:27:24","slug":"career-vita-rolande","status":"publish","type":"page","link":"https:\/\/european-clinic.com\/en\/career-vita-rolande\/","title":{"rendered":"Career &amp; Vita"},"content":{"rendered":"\t\t<div data-elementor-type=\"wp-page\" data-elementor-id=\"950\" class=\"elementor elementor-950 elementor-613\" data-elementor-post-type=\"page\">\n\t\t\t\t<div class=\"elementor-element elementor-element-7b985268 e-flex e-con-boxed e-con e-child\" data-id=\"7b985268\" data-element_type=\"container\" data-e-type=\"container\" data-settings=\"{&quot;background_background&quot;:&quot;classic&quot;}\">\n\t\t\t\t\t<div class=\"e-con-inner\">\n\t\t<div class=\"elementor-element elementor-element-49e945e9 e-flex e-con-boxed e-con e-child\" data-id=\"49e945e9\" data-element_type=\"container\" data-e-type=\"container\">\n\t\t\t\t\t<div class=\"e-con-inner\">\n\t\t\t\t<div class=\"elementor-element elementor-element-3742b16d elementor-widget elementor-widget-heading\" data-id=\"3742b16d\" data-element_type=\"widget\" data-e-type=\"widget\" data-widget_type=\"heading.default\">\n\t\t\t\t<div class=\"elementor-widget-container\">\n\t\t\t\t\t<h1 class=\"elementor-heading-title elementor-size-default\">Career &amp; Vita<\/h1>\t\t\t\t<\/div>\n\t\t\t\t<\/div>\n\t\t\t\t\t<\/div>\n\t\t\t\t<\/div>\n\t\t\t\t\t<\/div>\n\t\t\t\t<\/div>\n\t\t<div class=\"elementor-element elementor-element-5be35f2 e-flex e-con-boxed e-con e-parent\" data-id=\"5be35f2\" data-element_type=\"container\" data-e-type=\"container\" data-settings=\"{&quot;background_background&quot;:&quot;classic&quot;}\">\n\t\t\t\t\t<div class=\"e-con-inner\">\n\t\t<div class=\"elementor-element elementor-element-0033d5e e-con-full e-flex elementor-invisible e-con e-child\" data-id=\"0033d5e\" data-element_type=\"container\" data-e-type=\"container\" data-settings=\"{&quot;animation&quot;:&quot;fadeInLeft&quot;}\">\n\t\t\t\t<div class=\"elementor-element elementor-element-3cd45ec elementor-widget elementor-widget-image\" data-id=\"3cd45ec\" data-element_type=\"widget\" data-e-type=\"widget\" data-widget_type=\"image.default\">\n\t\t\t\t<div class=\"elementor-widget-container\">\n\t\t\t\t\t\t\t\t\t\t\t\t\t\t\t<img fetchpriority=\"high\" decoding=\"async\" width=\"944\" height=\"708\" src=\"https:\/\/european-clinic.com\/wp-content\/uploads\/2024\/03\/IMG_8778.webp\" class=\"attachment-full size-full wp-image-796\" alt=\"Dr. Rolande Frank-Fischer\" srcset=\"https:\/\/european-clinic.com\/wp-content\/uploads\/2024\/03\/IMG_8778.webp 944w, https:\/\/european-clinic.com\/wp-content\/uploads\/2024\/03\/IMG_8778-300x225.webp 300w, https:\/\/european-clinic.com\/wp-content\/uploads\/2024\/03\/IMG_8778-768x576.webp 768w\" sizes=\"(max-width: 944px) 100vw, 944px\" \/>\t\t\t\t\t\t\t\t\t\t\t\t\t\t\t<\/div>\n\t\t\t\t<\/div>\n\t\t\t\t<\/div>\n\t\t<div class=\"elementor-element elementor-element-558794d e-con-full e-flex elementor-invisible e-con e-child\" data-id=\"558794d\" data-element_type=\"container\" data-e-type=\"container\" data-settings=\"{&quot;animation&quot;:&quot;fadeInRight&quot;,&quot;background_background&quot;:&quot;classic&quot;}\">\n\t\t\t\t<div class=\"elementor-element elementor-element-4d58f12f elementor-widget elementor-widget-heading\" data-id=\"4d58f12f\" data-element_type=\"widget\" data-e-type=\"widget\" data-widget_type=\"heading.default\">\n\t\t\t\t<div class=\"elementor-widget-container\">\n\t\t\t\t\t<h2 class=\"elementor-heading-title elementor-size-default\">Dr. Rolande Frank-Fischer<\/h2>\t\t\t\t<\/div>\n\t\t\t\t<\/div>\n\t\t\t\t<div class=\"elementor-element elementor-element-b815690 elementor-widget elementor-widget-heading\" data-id=\"b815690\" data-element_type=\"widget\" data-e-type=\"widget\" data-widget_type=\"heading.default\">\n\t\t\t\t<div class=\"elementor-widget-container\">\n\t\t\t\t\t<h3 class=\"elementor-heading-title elementor-size-default\">Vita<\/h3>\t\t\t\t<\/div>\n\t\t\t\t<\/div>\n\t\t\t\t<div class=\"elementor-element elementor-element-0aa4bd4 elementor-widget elementor-widget-text-editor\" data-id=\"0aa4bd4\" data-element_type=\"widget\" data-e-type=\"widget\" data-widget_type=\"text-editor.default\">\n\t\t\t\t<div class=\"elementor-widget-container\">\n\t\t\t\t\t\t\t\t\t<ul>\n<li>1981-1987: Studied medicine at the University of Temeschburg \/ Romania<\/li>\n<li>1988-1992: Specialist training in ENT, first in Offenburg, then at the ENT Clinic of the Karlsruhe Municipal Hospital, maximum care clinic<\/li>\n<li>August 1992: Specialist in ENT, head and neck surgery, plastic surgery of the head and neck area, then senior physician at the ENT Clinic of the Karlsruhe Municipal Hospital<\/li>\n<li>November 1992: Head Senior Physician and Deputy Director of the ENT Clinic at Karlsruhe Municipal Hospital<\/li>\n<li>July 1996: Established ENT doctor in her own practice, as well as surgical activity and management of the ENT department of the Paracelsus Clinic Karlsruhe<\/li>\n<li>From December 2008 to 2023: ENT practice in Marbella, operations in private hospitals in Marbella<\/li>\n<li>Since January 2024: In own European Clinic <\/li>\n<\/ul>\n\t\t\t\t\t\t\t\t<\/div>\n\t\t\t\t<\/div>\n\t\t\t\t<div class=\"elementor-element elementor-element-c11cbef elementor-widget elementor-widget-heading\" data-id=\"c11cbef\" data-element_type=\"widget\" data-e-type=\"widget\" data-widget_type=\"heading.default\">\n\t\t\t\t<div class=\"elementor-widget-container\">\n\t\t\t\t\t<h4 class=\"elementor-heading-title elementor-size-default\">Member of national and international societies<\/h4>\t\t\t\t<\/div>\n\t\t\t\t<\/div>\n\t\t\t\t<div class=\"elementor-element elementor-element-8049e14 elementor-widget elementor-widget-text-editor\" data-id=\"8049e14\" data-element_type=\"widget\" data-e-type=\"widget\" data-widget_type=\"text-editor.default\">\n\t\t\t\t<div class=\"elementor-widget-container\">\n\t\t\t\t\t\t\t\t\t<p>Dr Frank-Fischer is a member of the following societies thanks to her many years as a senior physician and numerous national and international lectures, presentations and publications:<\/p>\n<ul>\n<li>Deutsche Gesellschaft f\u00fcr HNO-Heilkunde, Kopf-Hals-Chirurgie <\/li>\n<li>Deutsche Gesellschaft f\u00fcr Sch\u00e4delbasischirurgie<\/li>\n<li>Deutsche Gesellschaft f\u00fcr Audiologie <\/li>\n<li>Deutsche Gesellschaft f\u00fcr Ultraschall in der Medizin e.V. (DEGUM)<\/li>\n<li>\u00d6sterreichische Gesellschaft f\u00fcr HNO-Heilkunde, Kopf-Hals-Chirurgie <\/li>\n<li>Soci\u00e9t\u00e9 Fran\u00e7aise d&#8217;Oto-Rhino-Laryngologie et de Pathologie Cervico-Faciale (SOCFI)<\/li>\n<li>European Federation of Oto-Rhino-Laryngological Society (EUFOS)<\/li>\n<li>European Academy of Facial Plastic Surgery (JOSEPH SOCIETY &amp; EAFPS)<\/li>\n<li>Asociac\u00edon Hispano-Alemana de ORL y CIRUG\u00cdA CERVICO-FACIAL (Gr\u00fcndungsmitglied)<\/li>\n<\/ul>\n\t\t\t\t\t\t\t\t<\/div>\n\t\t\t\t<\/div>\n\t\t\t\t<\/div>\n\t\t\t\t\t<\/div>\n\t\t\t\t<\/div>\n\t\t<div class=\"elementor-element elementor-element-d6a9125 e-flex e-con-boxed e-con e-parent\" data-id=\"d6a9125\" data-element_type=\"container\" data-e-type=\"container\">\n\t\t\t\t\t<div class=\"e-con-inner\">\n\t\t<div class=\"elementor-element elementor-element-e322038 e-flex e-con-boxed elementor-invisible e-con e-child\" data-id=\"e322038\" data-element_type=\"container\" data-e-type=\"container\" data-settings=\"{&quot;background_background&quot;:&quot;classic&quot;,&quot;animation&quot;:&quot;fadeInDown&quot;}\">\n\t\t\t\t\t<div class=\"e-con-inner\">\n\t\t\t\t<div class=\"elementor-element elementor-element-f2ef8b8 elementor-widget elementor-widget-heading\" data-id=\"f2ef8b8\" data-element_type=\"widget\" data-e-type=\"widget\" data-widget_type=\"heading.default\">\n\t\t\t\t<div class=\"elementor-widget-container\">\n\t\t\t\t\t<h2 class=\"elementor-heading-title elementor-size-default\">Do you have any questions or would you like to make an appointment?<\/h2>\t\t\t\t<\/div>\n\t\t\t\t<\/div>\n\t\t\t\t<div class=\"elementor-element elementor-element-2f7d407 elementor-widget elementor-widget-text-editor\" data-id=\"2f7d407\" data-element_type=\"widget\" data-e-type=\"widget\" data-widget_type=\"text-editor.default\">\n\t\t\t\t<div class=\"elementor-widget-container\">\n\t\t\t\t\t\t\t\t\t<p>Please call us or write to us!<\/p>\n\t\t\t\t\t\t\t\t<\/div>\n\t\t\t\t<\/div>\n\t\t\t\t<div class=\"elementor-element elementor-element-623dc17 elementor-align-center elementor-widget elementor-widget-button\" data-id=\"623dc17\" data-element_type=\"widget\" data-e-type=\"widget\" data-widget_type=\"button.default\">\n\t\t\t\t<div class=\"elementor-widget-container\">\n\t\t\t\t\t\t\t\t\t<div class=\"elementor-button-wrapper\">\n\t\t\t\t\t<a class=\"elementor-button elementor-button-link elementor-size-sm\" href=\"\/en\/contact\">\n\t\t\t\t\t\t<span class=\"elementor-button-content-wrapper\">\n\t\t\t\t\t\t\t\t\t<span class=\"elementor-button-text\">Contact<\/span>\n\t\t\t\t\t<\/span>\n\t\t\t\t\t<\/a>\n\t\t\t\t<\/div>\n\t\t\t\t\t\t\t\t<\/div>\n\t\t\t\t<\/div>\n\t\t\t\t\t<\/div>\n\t\t\t\t<\/div>\n\t\t\t\t\t<\/div>\n\t\t\t\t<\/div>\n\t\t<div class=\"elementor-element elementor-element-69f2093 e-flex e-con-boxed e-con e-parent\" data-id=\"69f2093\" data-element_type=\"container\" data-e-type=\"container\">\n\t\t\t\t\t<div class=\"e-con-inner\">\n\t\t\t\t\t<\/div>\n\t\t\t\t<\/div>\n\t\t\t\t<\/div>\n\t\t","protected":false},"excerpt":{"rendered":"<p>Dr. Rolande Frank-Fischer Vita 1981-1987: Studied medicine at the University of Temeschburg \/ Romania 1988-1992: Specialist training in ENT, first in Offenburg, then at the ENT Clinic of the Karlsruhe Municipal Hospital, maximum care clinic August 1992: Specialist in ENT, head and neck surgery, plastic surgery of the head and neck area, then senior physician [&hellip;]<\/p>\n","protected":false},"author":3,"featured_media":0,"parent":0,"menu_order":0,"comment_status":"closed","ping_status":"closed","template":"elementor_header_footer","meta":{"footnotes":""},"class_list":["post-950","page","type-page","status-publish","hentry"],"_links":{"self":[{"href":"https:\/\/european-clinic.com\/en\/wp-json\/wp\/v2\/pages\/950","targetHints":{"allow":["GET"]}}],"collection":[{"href":"https:\/\/european-clinic.com\/en\/wp-json\/wp\/v2\/pages"}],"about":[{"href":"https:\/\/european-clinic.com\/en\/wp-json\/wp\/v2\/types\/page"}],"author":[{"embeddable":true,"href":"https:\/\/european-clinic.com\/en\/wp-json\/wp\/v2\/users\/3"}],"replies":[{"embeddable":true,"href":"https:\/\/european-clinic.com\/en\/wp-json\/wp\/v2\/comments?post=950"}],"version-history":[{"count":8,"href":"https:\/\/european-clinic.com\/en\/wp-json\/wp\/v2\/pages\/950\/revisions"}],"predecessor-version":[{"id":1768,"href":"https:\/\/european-clinic.com\/en\/wp-json\/wp\/v2\/pages\/950\/revisions\/1768"}],"wp:attachment":[{"href":"https:\/\/european-clinic.com\/en\/wp-json\/wp\/v2\/media?parent=950"}],"curies":[{"name":"wp","href":"https:\/\/api.w.org\/{rel}","templated":true}]}}